{"id":1712200,"date":"2020-01-08T12:11:47","date_gmt":"2020-01-08T12:11:47","guid":{"rendered":"https:\/\/www.bandhu.eu\/spulenring\/"},"modified":"2025-07-17T11:35:10","modified_gmt":"2025-07-17T11:35:10","slug":"spulenring","status":"publish","type":"product","link":"https:\/\/www.bandhu.eu\/de\/spulenring\/","title":{"rendered":"Coil Ring"},"content":{"rendered":"<p>Der Coil Ring von Bandhu ist ein wahres Statement-Piece, das mit seinem einzigartigen Spiral-Design St\u00e4rke und Raffinesse ausstrahlt. Anders als gew\u00f6hnliche Ringe schmiegt sich der Coil Ring elegant um den Finger und zieht mit seiner au\u00dfergew\u00f6hnlichen Optik aus jedem Blickwinkel die Aufmerksamkeit auf sich. Gefertigt aus robustem Edelstahl vereint dieser Ring St\u00e4rke mit Stil und ist ein zeitloses Accessoire, das f\u00fcr die Ewigkeit gemacht ist. Seine skulpturale, gewundene Form verleiht jedem Look eine moderne Note \u2013 ob solo getragen oder kombiniert mit anderen Schmuckst\u00fccken.<\/p>\n<p><\/p>\n<p>Der Coil Ring ist perfekt f\u00fcr den Alltag sowie f\u00fcr besondere Anl\u00e4sse und verleiht jedem Outfit einen Hauch von Extravaganz. Dank seiner hypoallergenen Eigenschaften bietet er maximalen Tragekomfort und Hautfreundlichkeit, sodass du ihn bedenkenlos den ganzen Tag tragen kannst. Entworfen, um ein Statement zu setzen, ist dieser Ring ebenso vielseitig wie auff\u00e4llig und verleiht jedem Stil m\u00fchelos das gewisse Etwas.<\/p>\n<p><\/p>\n<p>In \u00dcbereinstimmung mit Bandhus Engagement f\u00fcr Slow Fashion wird der Coil Ring in kleinen St\u00fcckzahlen gefertigt, was ein Zeichen f\u00fcr Nachhaltigkeit und bewussten Konsum ist. Jeder Coil Ring wird mit gr\u00f6\u00dfter Sorgfalt und Liebe zum Detail hergestellt und verk\u00f6rpert Bandhus Hingabe an Qualit\u00e4t und ethische Mode. Dieser Ring ist mehr als nur ein Schmuckst\u00fcck \u2013 er ist ein Symbol f\u00fcr achtsamen Luxus, geschaffen f\u00fcr die Ewigkeit und gemacht, um aufzufallen.<\/p>\n","protected":false},"excerpt":{"rendered":"<p>Der Coil Ring von Bandhu ist ein wahres Statement-Piece, das mit seinem einzigartigen Spiral-Design St\u00e4rke und Raffinesse ausstrahlt. Anders als gew\u00f6hnliche Ringe schmiegt sich der Coil Ring elegant um den Finger und zieht mit seiner au\u00dfergew\u00f6hnlichen Optik aus jedem Blickwinkel die Aufmerksamkeit auf sich. Gefertigt aus robustem Edelstahl vereint dieser Ring St\u00e4rke mit Stil und [&hellip;]<\/p>\n","protected":false},"featured_media":1711388,"template":"","meta":{"_acf_changed":false},"product_brand":[],"product_cat":[288,282,289],"product_tag":[],"class_list":{"0":"post-1712200","1":"product","2":"type-product","3":"status-publish","4":"has-post-thumbnail","6":"product_cat-ringe","7":"product_cat-silber","8":"product_cat-silber-ringe","10":"first","11":"instock","12":"taxable","13":"shipping-taxable","14":"purchasable","15":"product-type-variable"},"acf":[],"yoast_head":"<!-- This site is optimized with the Yoast SEO plugin v26.8 - https:\/\/yoast.com\/product\/yoast-seo-wordpress\/ -->\n<title>Coil Ring - Bandhu<\/title>\n<meta name=\"robots\" content=\"index, follow, max-snippet:-1, max-image-preview:large, max-video-preview:-1\" \/>\n<link rel=\"canonical\" href=\"https:\/\/www.bandhu.eu\/de\/spulenring\/\" \/>\n<meta property=\"og:locale\" content=\"de_DE\" \/>\n<meta property=\"og:type\" content=\"article\" \/>\n<meta property=\"og:title\" content=\"Coil Ring - Bandhu\" \/>\n<meta property=\"og:description\" content=\"Der Coil Ring von Bandhu ist ein wahres Statement-Piece, das mit seinem einzigartigen Spiral-Design St\u00e4rke und Raffinesse ausstrahlt. Anders als gew\u00f6hnliche Ringe schmiegt sich der Coil Ring elegant um den Finger und zieht mit seiner au\u00dfergew\u00f6hnlichen Optik aus jedem Blickwinkel die Aufmerksamkeit auf sich. Gefertigt aus robustem Edelstahl vereint dieser Ring St\u00e4rke mit Stil und [&hellip;]\" \/>\n<meta property=\"og:url\" content=\"https:\/\/www.bandhu.eu\/de\/spulenring\/\" \/>\n<meta property=\"og:site_name\" content=\"Bandhu\" \/>\n<meta property=\"article:publisher\" content=\"https:\/\/www.facebook.com\/Bandhu-173241752741764\" \/>\n<meta property=\"article:modified_time\" content=\"2025-07-17T11:35:10+00:00\" \/>\n<meta property=\"og:image\" content=\"https:\/\/www.bandhu.eu\/wp-content\/uploads\/2020\/01\/Coil-ring-silver-side.jpg\" \/>\n\t<meta property=\"og:image:width\" content=\"800\" \/>\n\t<meta property=\"og:image:height\" content=\"800\" \/>\n\t<meta property=\"og:image:type\" content=\"image\/jpeg\" \/>\n<meta name=\"twitter:card\" content=\"summary_large_image\" \/>\n<meta name=\"twitter:site\" content=\"@bandhu_eu\" \/>\n<meta name=\"twitter:label1\" content=\"Gesch\u00e4tzte Lesezeit\" \/>\n\t<meta name=\"twitter:data1\" content=\"1 Minute\" \/>\n<script type=\"application\/ld+json\" class=\"yoast-schema-graph\">{\"@context\":\"https:\/\/schema.org\",\"@graph\":[{\"@type\":\"WebPage\",\"@id\":\"https:\/\/www.bandhu.eu\/de\/spulenring\/\",\"url\":\"https:\/\/www.bandhu.eu\/de\/spulenring\/\",\"name\":\"Coil Ring - Bandhu\",\"isPartOf\":{\"@id\":\"https:\/\/www.bandhu.eu\/de\/#website\"},\"primaryImageOfPage\":{\"@id\":\"https:\/\/www.bandhu.eu\/de\/spulenring\/#primaryimage\"},\"image\":{\"@id\":\"https:\/\/www.bandhu.eu\/de\/spulenring\/#primaryimage\"},\"thumbnailUrl\":\"https:\/\/www.bandhu.eu\/wp-content\/uploads\/2020\/01\/Coil-ring-silver-side.jpg\",\"datePublished\":\"2020-01-08T12:11:47+00:00\",\"dateModified\":\"2025-07-17T11:35:10+00:00\",\"breadcrumb\":{\"@id\":\"https:\/\/www.bandhu.eu\/de\/spulenring\/#breadcrumb\"},\"inLanguage\":\"de-DE\",\"potentialAction\":[{\"@type\":\"ReadAction\",\"target\":[\"https:\/\/www.bandhu.eu\/de\/spulenring\/\"]}]},{\"@type\":\"ImageObject\",\"inLanguage\":\"de-DE\",\"@id\":\"https:\/\/www.bandhu.eu\/de\/spulenring\/#primaryimage\",\"url\":\"https:\/\/www.bandhu.eu\/wp-content\/uploads\/2020\/01\/Coil-ring-silver-side.jpg\",\"contentUrl\":\"https:\/\/www.bandhu.eu\/wp-content\/uploads\/2020\/01\/Coil-ring-silver-side.jpg\",\"width\":800,\"height\":800},{\"@type\":\"BreadcrumbList\",\"@id\":\"https:\/\/www.bandhu.eu\/de\/spulenring\/#breadcrumb\",\"itemListElement\":[{\"@type\":\"ListItem\",\"position\":1,\"name\":\"Home\",\"item\":\"https:\/\/www.bandhu.eu\/de\/\"},{\"@type\":\"ListItem\",\"position\":2,\"name\":\"Shop\",\"item\":\"https:\/\/www.bandhu.eu\/de\/shop\/\"},{\"@type\":\"ListItem\",\"position\":3,\"name\":\"Coil Ring\"}]},{\"@type\":\"WebSite\",\"@id\":\"https:\/\/www.bandhu.eu\/de\/#website\",\"url\":\"https:\/\/www.bandhu.eu\/de\/\",\"name\":\"Bandhu\",\"description\":\"Jewelry and accessories\",\"publisher\":{\"@id\":\"https:\/\/www.bandhu.eu\/de\/#organization\"},\"potentialAction\":[{\"@type\":\"SearchAction\",\"target\":{\"@type\":\"EntryPoint\",\"urlTemplate\":\"https:\/\/www.bandhu.eu\/de\/?s={search_term_string}\"},\"query-input\":{\"@type\":\"PropertyValueSpecification\",\"valueRequired\":true,\"valueName\":\"search_term_string\"}}],\"inLanguage\":\"de-DE\"},{\"@type\":\"Organization\",\"@id\":\"https:\/\/www.bandhu.eu\/de\/#organization\",\"name\":\"Bandhu.eu\",\"alternateName\":\"BANDHU\",\"url\":\"https:\/\/www.bandhu.eu\/de\/\",\"logo\":{\"@type\":\"ImageObject\",\"inLanguage\":\"de-DE\",\"@id\":\"https:\/\/www.bandhu.eu\/de\/#\/schema\/logo\/image\/\",\"url\":\"https:\/\/www.bandhu.eu\/wp-content\/uploads\/2025\/03\/org-logo.jpg\",\"contentUrl\":\"https:\/\/www.bandhu.eu\/wp-content\/uploads\/2025\/03\/org-logo.jpg\",\"width\":696,\"height\":696,\"caption\":\"Bandhu.eu\"},\"image\":{\"@id\":\"https:\/\/www.bandhu.eu\/de\/#\/schema\/logo\/image\/\"},\"sameAs\":[\"https:\/\/www.facebook.com\/Bandhu-173241752741764\",\"https:\/\/x.com\/bandhu_eu\",\"https:\/\/www.instagram.com\/bandhu_eu\/\"]}]}<\/script>\n<!-- \/ Yoast SEO plugin. -->","yoast_head_json":{"title":"Coil Ring - Bandhu","robots":{"index":"index","follow":"follow","max-snippet":"max-snippet:-1","max-image-preview":"max-image-preview:large","max-video-preview":"max-video-preview:-1"},"canonical":"https:\/\/www.bandhu.eu\/de\/spulenring\/","og_locale":"de_DE","og_type":"article","og_title":"Coil Ring - Bandhu","og_description":"Der Coil Ring von Bandhu ist ein wahres Statement-Piece, das mit seinem einzigartigen Spiral-Design St\u00e4rke und Raffinesse ausstrahlt. Anders als gew\u00f6hnliche Ringe schmiegt sich der Coil Ring elegant um den Finger und zieht mit seiner au\u00dfergew\u00f6hnlichen Optik aus jedem Blickwinkel die Aufmerksamkeit auf sich. Gefertigt aus robustem Edelstahl vereint dieser Ring St\u00e4rke mit Stil und [&hellip;]","og_url":"https:\/\/www.bandhu.eu\/de\/spulenring\/","og_site_name":"Bandhu","article_publisher":"https:\/\/www.facebook.com\/Bandhu-173241752741764","article_modified_time":"2025-07-17T11:35:10+00:00","og_image":[{"width":800,"height":800,"url":"https:\/\/www.bandhu.eu\/wp-content\/uploads\/2020\/01\/Coil-ring-silver-side.jpg","type":"image\/jpeg"}],"twitter_card":"summary_large_image","twitter_site":"@bandhu_eu","twitter_misc":{"Gesch\u00e4tzte Lesezeit":"1 Minute"},"schema":{"@context":"https:\/\/schema.org","@graph":[{"@type":"WebPage","@id":"https:\/\/www.bandhu.eu\/de\/spulenring\/","url":"https:\/\/www.bandhu.eu\/de\/spulenring\/","name":"Coil Ring - Bandhu","isPartOf":{"@id":"https:\/\/www.bandhu.eu\/de\/#website"},"primaryImageOfPage":{"@id":"https:\/\/www.bandhu.eu\/de\/spulenring\/#primaryimage"},"image":{"@id":"https:\/\/www.bandhu.eu\/de\/spulenring\/#primaryimage"},"thumbnailUrl":"https:\/\/www.bandhu.eu\/wp-content\/uploads\/2020\/01\/Coil-ring-silver-side.jpg","datePublished":"2020-01-08T12:11:47+00:00","dateModified":"2025-07-17T11:35:10+00:00","breadcrumb":{"@id":"https:\/\/www.bandhu.eu\/de\/spulenring\/#breadcrumb"},"inLanguage":"de-DE","potentialAction":[{"@type":"ReadAction","target":["https:\/\/www.bandhu.eu\/de\/spulenring\/"]}]},{"@type":"ImageObject","inLanguage":"de-DE","@id":"https:\/\/www.bandhu.eu\/de\/spulenring\/#primaryimage","url":"https:\/\/www.bandhu.eu\/wp-content\/uploads\/2020\/01\/Coil-ring-silver-side.jpg","contentUrl":"https:\/\/www.bandhu.eu\/wp-content\/uploads\/2020\/01\/Coil-ring-silver-side.jpg","width":800,"height":800},{"@type":"BreadcrumbList","@id":"https:\/\/www.bandhu.eu\/de\/spulenring\/#breadcrumb","itemListElement":[{"@type":"ListItem","position":1,"name":"Home","item":"https:\/\/www.bandhu.eu\/de\/"},{"@type":"ListItem","position":2,"name":"Shop","item":"https:\/\/www.bandhu.eu\/de\/shop\/"},{"@type":"ListItem","position":3,"name":"Coil Ring"}]},{"@type":"WebSite","@id":"https:\/\/www.bandhu.eu\/de\/#website","url":"https:\/\/www.bandhu.eu\/de\/","name":"Bandhu","description":"Jewelry and accessories","publisher":{"@id":"https:\/\/www.bandhu.eu\/de\/#organization"},"potentialAction":[{"@type":"SearchAction","target":{"@type":"EntryPoint","urlTemplate":"https:\/\/www.bandhu.eu\/de\/?s={search_term_string}"},"query-input":{"@type":"PropertyValueSpecification","valueRequired":true,"valueName":"search_term_string"}}],"inLanguage":"de-DE"},{"@type":"Organization","@id":"https:\/\/www.bandhu.eu\/de\/#organization","name":"Bandhu.eu","alternateName":"BANDHU","url":"https:\/\/www.bandhu.eu\/de\/","logo":{"@type":"ImageObject","inLanguage":"de-DE","@id":"https:\/\/www.bandhu.eu\/de\/#\/schema\/logo\/image\/","url":"https:\/\/www.bandhu.eu\/wp-content\/uploads\/2025\/03\/org-logo.jpg","contentUrl":"https:\/\/www.bandhu.eu\/wp-content\/uploads\/2025\/03\/org-logo.jpg","width":696,"height":696,"caption":"Bandhu.eu"},"image":{"@id":"https:\/\/www.bandhu.eu\/de\/#\/schema\/logo\/image\/"},"sameAs":["https:\/\/www.facebook.com\/Bandhu-173241752741764","https:\/\/x.com\/bandhu_eu","https:\/\/www.instagram.com\/bandhu_eu\/"]}]}},"_links":{"self":[{"href":"https:\/\/www.bandhu.eu\/de\/wp-json\/wp\/v2\/product\/1712200","targetHints":{"allow":["GET"]}}],"collection":[{"href":"https:\/\/www.bandhu.eu\/de\/wp-json\/wp\/v2\/product"}],"about":[{"href":"https:\/\/www.bandhu.eu\/de\/wp-json\/wp\/v2\/types\/product"}],"wp:featuredmedia":[{"embeddable":true,"href":"https:\/\/www.bandhu.eu\/de\/wp-json\/wp\/v2\/media\/1711388"}],"wp:attachment":[{"href":"https:\/\/www.bandhu.eu\/de\/wp-json\/wp\/v2\/media?parent=1712200"}],"wp:term":[{"taxonomy":"product_brand","embeddable":true,"href":"https:\/\/www.bandhu.eu\/de\/wp-json\/wp\/v2\/product_brand?post=1712200"},{"taxonomy":"product_cat","embeddable":true,"href":"https:\/\/www.bandhu.eu\/de\/wp-json\/wp\/v2\/product_cat?post=1712200"},{"taxonomy":"product_tag","embeddable":true,"href":"https:\/\/www.bandhu.eu\/de\/wp-json\/wp\/v2\/product_tag?post=1712200"}],"curies":[{"name":"wp","href":"https:\/\/api.w.org\/{rel}","templated":true}]}}