{"id":1712176,"date":"2020-09-15T11:34:50","date_gmt":"2020-09-15T11:34:50","guid":{"rendered":"https:\/\/www.bandhu.eu\/besser-2gether-ring\/"},"modified":"2026-03-13T12:17:22","modified_gmt":"2026-03-13T12:17:22","slug":"better2gether-ring","status":"publish","type":"product","link":"https:\/\/www.bandhu.eu\/de\/better2gether-ring\/","title":{"rendered":"Better2gether Ring"},"content":{"rendered":"<p>Der Better2gether Ring von Bandhu ist mehr als nur ein Schmuckst\u00fcck \u2013 er ist ein ausdrucksstarkes Symbol f\u00fcr Zusammengeh\u00f6rigkeit und Eleganz, geschaffen f\u00fcr diejenigen, die Verbindung und Stil sch\u00e4tzen. Mit seinem kraftvollen Design und seiner einzigartigen Symbolik ist dieser Ring alles andere als gew\u00f6hnlich. Hergestellt aus hochwertigem Edelstahl vereint der Better2gether Ring St\u00e4rke mit einem raffinierten Look und ist ein langlebiges Accessoire, das sowohl Trends als auch der Zeit standh\u00e4lt. Die faszinierenden Details sorgen daf\u00fcr, dass er sowohl solo als auch in Kombination mit anderen St\u00fccken gl\u00e4nzt.<\/p>\n<p><\/p>\n<p>Perfekt f\u00fcr den Alltag und besondere Anl\u00e4sse, erg\u00e4nzt der Better2gether Ring m\u00fchelos eine Vielzahl von Stilen und verleiht jedem Look eine zus\u00e4tzliche Note von Raffinesse. Seine hypoallergene Verarbeitung macht ihn zudem hautfreundlich und angenehm f\u00fcr den ganzt\u00e4gigen Tragekomfort \u2013 eine luxuri\u00f6se Gestaltung, die zugleich alltagstauglich ist.<\/p>\n<p><\/p>\n<p>Bandhu setzt auf Slow Fashion und fertigt den Better2gether Ring in kleinen Mengen, um Qualit\u00e4t, Nachhaltigkeit und bewussten Konsum zu f\u00f6rdern. Jeder Ring wird mit gro\u00dfer Sorgfalt und Liebe zum Detail hergestellt, was ihn zu einem einzigartigen St\u00fcck macht, das nicht nur deinen Stil bereichert, sondern auch eine ethische Herangehensweise an Mode widerspiegelt. Trage einen Ring, der f\u00fcr Verbindung, Qualit\u00e4t und Individualit\u00e4t steht.<\/p>\n","protected":false},"excerpt":{"rendered":"<p>Der Better2gether Ring von Bandhu ist mehr als nur ein Schmuckst\u00fcck \u2013 er ist ein ausdrucksstarkes Symbol f\u00fcr Zusammengeh\u00f6rigkeit und Eleganz, geschaffen f\u00fcr diejenigen, die Verbindung und Stil sch\u00e4tzen. Mit seinem kraftvollen Design und seiner einzigartigen Symbolik ist dieser Ring alles andere als gew\u00f6hnlich. Hergestellt aus hochwertigem Edelstahl vereint der Better2gether Ring St\u00e4rke mit einem [&hellip;]<\/p>\n","protected":false},"featured_media":1711433,"template":"","meta":{"_acf_changed":false},"product_brand":[],"product_cat":[281,292,288,282,289],"product_tag":[],"class_list":{"0":"post-1712176","1":"product","2":"type-product","3":"status-publish","4":"has-post-thumbnail","6":"product_cat-gold","7":"product_cat-gold-ringe","8":"product_cat-ringe","9":"product_cat-silber","10":"product_cat-silber-ringe","12":"first","13":"instock","14":"taxable","15":"shipping-taxable","16":"purchasable","17":"product-type-variable"},"acf":[],"yoast_head":"<!-- This site is optimized with the Yoast SEO plugin v26.8 - https:\/\/yoast.com\/product\/yoast-seo-wordpress\/ -->\n<title>Better2gether Ring - Bandhu<\/title>\n<meta name=\"robots\" content=\"index, follow, max-snippet:-1, max-image-preview:large, max-video-preview:-1\" \/>\n<link rel=\"canonical\" href=\"https:\/\/www.bandhu.eu\/de\/better2gether-ring\/\" \/>\n<meta property=\"og:locale\" content=\"de_DE\" \/>\n<meta property=\"og:type\" content=\"article\" \/>\n<meta property=\"og:title\" content=\"Better2gether Ring - Bandhu\" \/>\n<meta property=\"og:description\" content=\"Der Better2gether Ring von Bandhu ist mehr als nur ein Schmuckst\u00fcck \u2013 er ist ein ausdrucksstarkes Symbol f\u00fcr Zusammengeh\u00f6rigkeit und Eleganz, geschaffen f\u00fcr diejenigen, die Verbindung und Stil sch\u00e4tzen. Mit seinem kraftvollen Design und seiner einzigartigen Symbolik ist dieser Ring alles andere als gew\u00f6hnlich. Hergestellt aus hochwertigem Edelstahl vereint der Better2gether Ring St\u00e4rke mit einem [&hellip;]\" \/>\n<meta property=\"og:url\" content=\"https:\/\/www.bandhu.eu\/de\/better2gether-ring\/\" \/>\n<meta property=\"og:site_name\" content=\"Bandhu\" \/>\n<meta property=\"article:publisher\" content=\"https:\/\/www.facebook.com\/Bandhu-173241752741764\" \/>\n<meta property=\"article:modified_time\" content=\"2026-03-13T12:17:22+00:00\" \/>\n<meta property=\"og:image\" content=\"https:\/\/www.bandhu.eu\/wp-content\/uploads\/2020\/09\/ring-twins-002-1-scaled.jpg\" \/>\n\t<meta property=\"og:image:width\" content=\"2560\" \/>\n\t<meta property=\"og:image:height\" content=\"2560\" \/>\n\t<meta property=\"og:image:type\" content=\"image\/jpeg\" \/>\n<meta name=\"twitter:card\" content=\"summary_large_image\" \/>\n<meta name=\"twitter:site\" content=\"@bandhu_eu\" \/>\n<meta name=\"twitter:label1\" content=\"Gesch\u00e4tzte Lesezeit\" \/>\n\t<meta name=\"twitter:data1\" content=\"1 Minute\" \/>\n<script type=\"application\/ld+json\" class=\"yoast-schema-graph\">{\"@context\":\"https:\/\/schema.org\",\"@graph\":[{\"@type\":\"WebPage\",\"@id\":\"https:\/\/www.bandhu.eu\/de\/better2gether-ring\/\",\"url\":\"https:\/\/www.bandhu.eu\/de\/better2gether-ring\/\",\"name\":\"Better2gether Ring - Bandhu\",\"isPartOf\":{\"@id\":\"https:\/\/www.bandhu.eu\/de\/#website\"},\"primaryImageOfPage\":{\"@id\":\"https:\/\/www.bandhu.eu\/de\/better2gether-ring\/#primaryimage\"},\"image\":{\"@id\":\"https:\/\/www.bandhu.eu\/de\/better2gether-ring\/#primaryimage\"},\"thumbnailUrl\":\"https:\/\/www.bandhu.eu\/wp-content\/uploads\/2020\/09\/ring-twins-002-1-scaled.jpg\",\"datePublished\":\"2020-09-15T11:34:50+00:00\",\"dateModified\":\"2026-03-13T12:17:22+00:00\",\"breadcrumb\":{\"@id\":\"https:\/\/www.bandhu.eu\/de\/better2gether-ring\/#breadcrumb\"},\"inLanguage\":\"de-DE\",\"potentialAction\":[{\"@type\":\"ReadAction\",\"target\":[\"https:\/\/www.bandhu.eu\/de\/better2gether-ring\/\"]}]},{\"@type\":\"ImageObject\",\"inLanguage\":\"de-DE\",\"@id\":\"https:\/\/www.bandhu.eu\/de\/better2gether-ring\/#primaryimage\",\"url\":\"https:\/\/www.bandhu.eu\/wp-content\/uploads\/2020\/09\/ring-twins-002-1-scaled.jpg\",\"contentUrl\":\"https:\/\/www.bandhu.eu\/wp-content\/uploads\/2020\/09\/ring-twins-002-1-scaled.jpg\",\"width\":2560,\"height\":2560},{\"@type\":\"BreadcrumbList\",\"@id\":\"https:\/\/www.bandhu.eu\/de\/better2gether-ring\/#breadcrumb\",\"itemListElement\":[{\"@type\":\"ListItem\",\"position\":1,\"name\":\"Home\",\"item\":\"https:\/\/www.bandhu.eu\/de\/\"},{\"@type\":\"ListItem\",\"position\":2,\"name\":\"Shop\",\"item\":\"https:\/\/www.bandhu.eu\/de\/shop\/\"},{\"@type\":\"ListItem\",\"position\":3,\"name\":\"Better2gether Ring\"}]},{\"@type\":\"WebSite\",\"@id\":\"https:\/\/www.bandhu.eu\/de\/#website\",\"url\":\"https:\/\/www.bandhu.eu\/de\/\",\"name\":\"Bandhu\",\"description\":\"Jewelry and accessories\",\"publisher\":{\"@id\":\"https:\/\/www.bandhu.eu\/de\/#organization\"},\"potentialAction\":[{\"@type\":\"SearchAction\",\"target\":{\"@type\":\"EntryPoint\",\"urlTemplate\":\"https:\/\/www.bandhu.eu\/de\/?s={search_term_string}\"},\"query-input\":{\"@type\":\"PropertyValueSpecification\",\"valueRequired\":true,\"valueName\":\"search_term_string\"}}],\"inLanguage\":\"de-DE\"},{\"@type\":\"Organization\",\"@id\":\"https:\/\/www.bandhu.eu\/de\/#organization\",\"name\":\"Bandhu.eu\",\"alternateName\":\"BANDHU\",\"url\":\"https:\/\/www.bandhu.eu\/de\/\",\"logo\":{\"@type\":\"ImageObject\",\"inLanguage\":\"de-DE\",\"@id\":\"https:\/\/www.bandhu.eu\/de\/#\/schema\/logo\/image\/\",\"url\":\"https:\/\/www.bandhu.eu\/wp-content\/uploads\/2025\/03\/org-logo.jpg\",\"contentUrl\":\"https:\/\/www.bandhu.eu\/wp-content\/uploads\/2025\/03\/org-logo.jpg\",\"width\":696,\"height\":696,\"caption\":\"Bandhu.eu\"},\"image\":{\"@id\":\"https:\/\/www.bandhu.eu\/de\/#\/schema\/logo\/image\/\"},\"sameAs\":[\"https:\/\/www.facebook.com\/Bandhu-173241752741764\",\"https:\/\/x.com\/bandhu_eu\",\"https:\/\/www.instagram.com\/bandhu_eu\/\"]}]}<\/script>\n<!-- \/ Yoast SEO plugin. -->","yoast_head_json":{"title":"Better2gether Ring - Bandhu","robots":{"index":"index","follow":"follow","max-snippet":"max-snippet:-1","max-image-preview":"max-image-preview:large","max-video-preview":"max-video-preview:-1"},"canonical":"https:\/\/www.bandhu.eu\/de\/better2gether-ring\/","og_locale":"de_DE","og_type":"article","og_title":"Better2gether Ring - Bandhu","og_description":"Der Better2gether Ring von Bandhu ist mehr als nur ein Schmuckst\u00fcck \u2013 er ist ein ausdrucksstarkes Symbol f\u00fcr Zusammengeh\u00f6rigkeit und Eleganz, geschaffen f\u00fcr diejenigen, die Verbindung und Stil sch\u00e4tzen. Mit seinem kraftvollen Design und seiner einzigartigen Symbolik ist dieser Ring alles andere als gew\u00f6hnlich. Hergestellt aus hochwertigem Edelstahl vereint der Better2gether Ring St\u00e4rke mit einem [&hellip;]","og_url":"https:\/\/www.bandhu.eu\/de\/better2gether-ring\/","og_site_name":"Bandhu","article_publisher":"https:\/\/www.facebook.com\/Bandhu-173241752741764","article_modified_time":"2026-03-13T12:17:22+00:00","og_image":[{"width":2560,"height":2560,"url":"https:\/\/www.bandhu.eu\/wp-content\/uploads\/2020\/09\/ring-twins-002-1-scaled.jpg","type":"image\/jpeg"}],"twitter_card":"summary_large_image","twitter_site":"@bandhu_eu","twitter_misc":{"Gesch\u00e4tzte Lesezeit":"1 Minute"},"schema":{"@context":"https:\/\/schema.org","@graph":[{"@type":"WebPage","@id":"https:\/\/www.bandhu.eu\/de\/better2gether-ring\/","url":"https:\/\/www.bandhu.eu\/de\/better2gether-ring\/","name":"Better2gether Ring - Bandhu","isPartOf":{"@id":"https:\/\/www.bandhu.eu\/de\/#website"},"primaryImageOfPage":{"@id":"https:\/\/www.bandhu.eu\/de\/better2gether-ring\/#primaryimage"},"image":{"@id":"https:\/\/www.bandhu.eu\/de\/better2gether-ring\/#primaryimage"},"thumbnailUrl":"https:\/\/www.bandhu.eu\/wp-content\/uploads\/2020\/09\/ring-twins-002-1-scaled.jpg","datePublished":"2020-09-15T11:34:50+00:00","dateModified":"2026-03-13T12:17:22+00:00","breadcrumb":{"@id":"https:\/\/www.bandhu.eu\/de\/better2gether-ring\/#breadcrumb"},"inLanguage":"de-DE","potentialAction":[{"@type":"ReadAction","target":["https:\/\/www.bandhu.eu\/de\/better2gether-ring\/"]}]},{"@type":"ImageObject","inLanguage":"de-DE","@id":"https:\/\/www.bandhu.eu\/de\/better2gether-ring\/#primaryimage","url":"https:\/\/www.bandhu.eu\/wp-content\/uploads\/2020\/09\/ring-twins-002-1-scaled.jpg","contentUrl":"https:\/\/www.bandhu.eu\/wp-content\/uploads\/2020\/09\/ring-twins-002-1-scaled.jpg","width":2560,"height":2560},{"@type":"BreadcrumbList","@id":"https:\/\/www.bandhu.eu\/de\/better2gether-ring\/#breadcrumb","itemListElement":[{"@type":"ListItem","position":1,"name":"Home","item":"https:\/\/www.bandhu.eu\/de\/"},{"@type":"ListItem","position":2,"name":"Shop","item":"https:\/\/www.bandhu.eu\/de\/shop\/"},{"@type":"ListItem","position":3,"name":"Better2gether Ring"}]},{"@type":"WebSite","@id":"https:\/\/www.bandhu.eu\/de\/#website","url":"https:\/\/www.bandhu.eu\/de\/","name":"Bandhu","description":"Jewelry and accessories","publisher":{"@id":"https:\/\/www.bandhu.eu\/de\/#organization"},"potentialAction":[{"@type":"SearchAction","target":{"@type":"EntryPoint","urlTemplate":"https:\/\/www.bandhu.eu\/de\/?s={search_term_string}"},"query-input":{"@type":"PropertyValueSpecification","valueRequired":true,"valueName":"search_term_string"}}],"inLanguage":"de-DE"},{"@type":"Organization","@id":"https:\/\/www.bandhu.eu\/de\/#organization","name":"Bandhu.eu","alternateName":"BANDHU","url":"https:\/\/www.bandhu.eu\/de\/","logo":{"@type":"ImageObject","inLanguage":"de-DE","@id":"https:\/\/www.bandhu.eu\/de\/#\/schema\/logo\/image\/","url":"https:\/\/www.bandhu.eu\/wp-content\/uploads\/2025\/03\/org-logo.jpg","contentUrl":"https:\/\/www.bandhu.eu\/wp-content\/uploads\/2025\/03\/org-logo.jpg","width":696,"height":696,"caption":"Bandhu.eu"},"image":{"@id":"https:\/\/www.bandhu.eu\/de\/#\/schema\/logo\/image\/"},"sameAs":["https:\/\/www.facebook.com\/Bandhu-173241752741764","https:\/\/x.com\/bandhu_eu","https:\/\/www.instagram.com\/bandhu_eu\/"]}]}},"_links":{"self":[{"href":"https:\/\/www.bandhu.eu\/de\/wp-json\/wp\/v2\/product\/1712176","targetHints":{"allow":["GET"]}}],"collection":[{"href":"https:\/\/www.bandhu.eu\/de\/wp-json\/wp\/v2\/product"}],"about":[{"href":"https:\/\/www.bandhu.eu\/de\/wp-json\/wp\/v2\/types\/product"}],"wp:featuredmedia":[{"embeddable":true,"href":"https:\/\/www.bandhu.eu\/de\/wp-json\/wp\/v2\/media\/1711433"}],"wp:attachment":[{"href":"https:\/\/www.bandhu.eu\/de\/wp-json\/wp\/v2\/media?parent=1712176"}],"wp:term":[{"taxonomy":"product_brand","embeddable":true,"href":"https:\/\/www.bandhu.eu\/de\/wp-json\/wp\/v2\/product_brand?post=1712176"},{"taxonomy":"product_cat","embeddable":true,"href":"https:\/\/www.bandhu.eu\/de\/wp-json\/wp\/v2\/product_cat?post=1712176"},{"taxonomy":"product_tag","embeddable":true,"href":"https:\/\/www.bandhu.eu\/de\/wp-json\/wp\/v2\/product_tag?post=1712176"}],"curies":[{"name":"wp","href":"https:\/\/api.w.org\/{rel}","templated":true}]}}