{"id":1712125,"date":"2021-04-28T13:16:00","date_gmt":"2021-04-28T13:16:00","guid":{"rendered":"https:\/\/www.bandhu.eu\/faltende-ohrmuschel\/"},"modified":"2026-02-04T11:06:28","modified_gmt":"2026-02-04T11:06:28","slug":"enfold-ear-cuff","status":"publish","type":"product","link":"https:\/\/www.bandhu.eu\/de\/enfold-ear-cuff\/","title":{"rendered":"Enfold Ear Cuff"},"content":{"rendered":"<p>Der Edelstahl Ear Cuff von Bandhu vereint minimalistisches Design mit einer modernen, stilvollen Note. Ohne ein Ohrloch zu ben\u00f6tigen, l\u00e4sst sich dieses elegante Schmuckst\u00fcck einfach an den Rand des Ohrs anbringen und verleiht deinem Look sofort einen zeitgem\u00e4\u00dfen Akzent. Hergestellt aus hochwertigem, rostfreiem Stahl, \u00fcberzeugt der Ear Cuff durch seine Langlebigkeit und seinen edlen Glanz, der \u00fcber die Zeit hinweg erhalten bleibt.<\/p>\n<p>Das schlichte Design macht den Ear Cuff zum perfekten Accessoire f\u00fcr jeden Anlass \u2013 ob im Alltag oder bei besonderen Gelegenheiten. Dank seiner hypoallergenen Eigenschaften ist er f\u00fcr alle Hauttypen geeignet und bietet einen angenehmen Tragekomfort, ohne zu beschweren.<\/p>\n<p>Jedes Schmuckst\u00fcck von Bandhu steht f\u00fcr Slow Fashion und wird in kleinen, limitierten Mengen produziert, um Nachhaltigkeit zu gew\u00e4hrleisten und Exklusivit\u00e4t zu bewahren. Der Edelstahl Ear Cuff verk\u00f6rpert genau diese Philosophie: ein stilvolles Accessoire, das Qualit\u00e4t und bewusstes Design vereint.<\/p>\n","protected":false},"excerpt":{"rendered":"<p>Der Edelstahl Ear Cuff von Bandhu vereint minimalistisches Design mit einer modernen, stilvollen Note. Ohne ein Ohrloch zu ben\u00f6tigen, l\u00e4sst sich dieses elegante Schmuckst\u00fcck einfach an den Rand des Ohrs anbringen und verleiht deinem Look sofort einen zeitgem\u00e4\u00dfen Akzent. Hergestellt aus hochwertigem, rostfreiem Stahl, \u00fcberzeugt der Ear Cuff durch seine Langlebigkeit und seinen edlen Glanz, [&hellip;]<\/p>\n","protected":false},"featured_media":1711489,"template":"","meta":{"_acf_changed":false},"product_brand":[],"product_cat":[277,282,280,606],"product_tag":[],"class_list":{"0":"post-1712125","1":"product","2":"type-product","3":"status-publish","4":"has-post-thumbnail","6":"product_cat-ohrringe","7":"product_cat-silber","8":"product_cat-silber-ohrringe","9":"product_cat-ohrcuffs","11":"first","12":"instock","13":"taxable","14":"shipping-taxable","15":"purchasable","16":"product-type-simple"},"acf":[],"yoast_head":"<!-- This site is optimized with the Yoast SEO plugin v26.8 - https:\/\/yoast.com\/product\/yoast-seo-wordpress\/ -->\n<title>Enfold Ear Cuff - Bandhu<\/title>\n<meta name=\"robots\" content=\"index, follow, max-snippet:-1, max-image-preview:large, max-video-preview:-1\" \/>\n<link rel=\"canonical\" href=\"https:\/\/www.bandhu.eu\/de\/enfold-ear-cuff\/\" \/>\n<meta property=\"og:locale\" content=\"de_DE\" \/>\n<meta property=\"og:type\" content=\"article\" \/>\n<meta property=\"og:title\" content=\"Enfold Ear Cuff - Bandhu\" \/>\n<meta property=\"og:description\" content=\"Der Edelstahl Ear Cuff von Bandhu vereint minimalistisches Design mit einer modernen, stilvollen Note. Ohne ein Ohrloch zu ben\u00f6tigen, l\u00e4sst sich dieses elegante Schmuckst\u00fcck einfach an den Rand des Ohrs anbringen und verleiht deinem Look sofort einen zeitgem\u00e4\u00dfen Akzent. Hergestellt aus hochwertigem, rostfreiem Stahl, \u00fcberzeugt der Ear Cuff durch seine Langlebigkeit und seinen edlen Glanz, [&hellip;]\" \/>\n<meta property=\"og:url\" content=\"https:\/\/www.bandhu.eu\/de\/enfold-ear-cuff\/\" \/>\n<meta property=\"og:site_name\" content=\"Bandhu\" \/>\n<meta property=\"article:publisher\" content=\"https:\/\/www.facebook.com\/Bandhu-173241752741764\" \/>\n<meta property=\"article:modified_time\" content=\"2026-02-04T11:06:28+00:00\" \/>\n<meta property=\"og:image\" content=\"https:\/\/www.bandhu.eu\/wp-content\/uploads\/2021\/04\/bandhu-005-1.jpg\" \/>\n\t<meta property=\"og:image:width\" content=\"1400\" \/>\n\t<meta property=\"og:image:height\" content=\"1400\" \/>\n\t<meta property=\"og:image:type\" content=\"image\/jpeg\" \/>\n<meta name=\"twitter:card\" content=\"summary_large_image\" \/>\n<meta name=\"twitter:site\" content=\"@bandhu_eu\" \/>\n<meta name=\"twitter:label1\" content=\"Gesch\u00e4tzte Lesezeit\" \/>\n\t<meta name=\"twitter:data1\" content=\"1 Minute\" \/>\n<script type=\"application\/ld+json\" class=\"yoast-schema-graph\">{\"@context\":\"https:\/\/schema.org\",\"@graph\":[{\"@type\":\"WebPage\",\"@id\":\"https:\/\/www.bandhu.eu\/de\/enfold-ear-cuff\/\",\"url\":\"https:\/\/www.bandhu.eu\/de\/enfold-ear-cuff\/\",\"name\":\"Enfold Ear Cuff - Bandhu\",\"isPartOf\":{\"@id\":\"https:\/\/www.bandhu.eu\/de\/#website\"},\"primaryImageOfPage\":{\"@id\":\"https:\/\/www.bandhu.eu\/de\/enfold-ear-cuff\/#primaryimage\"},\"image\":{\"@id\":\"https:\/\/www.bandhu.eu\/de\/enfold-ear-cuff\/#primaryimage\"},\"thumbnailUrl\":\"https:\/\/www.bandhu.eu\/wp-content\/uploads\/2021\/04\/bandhu-005-1.jpg\",\"datePublished\":\"2021-04-28T13:16:00+00:00\",\"dateModified\":\"2026-02-04T11:06:28+00:00\",\"breadcrumb\":{\"@id\":\"https:\/\/www.bandhu.eu\/de\/enfold-ear-cuff\/#breadcrumb\"},\"inLanguage\":\"de-DE\",\"potentialAction\":[{\"@type\":\"ReadAction\",\"target\":[\"https:\/\/www.bandhu.eu\/de\/enfold-ear-cuff\/\"]}]},{\"@type\":\"ImageObject\",\"inLanguage\":\"de-DE\",\"@id\":\"https:\/\/www.bandhu.eu\/de\/enfold-ear-cuff\/#primaryimage\",\"url\":\"https:\/\/www.bandhu.eu\/wp-content\/uploads\/2021\/04\/bandhu-005-1.jpg\",\"contentUrl\":\"https:\/\/www.bandhu.eu\/wp-content\/uploads\/2021\/04\/bandhu-005-1.jpg\",\"width\":1400,\"height\":1400},{\"@type\":\"BreadcrumbList\",\"@id\":\"https:\/\/www.bandhu.eu\/de\/enfold-ear-cuff\/#breadcrumb\",\"itemListElement\":[{\"@type\":\"ListItem\",\"position\":1,\"name\":\"Home\",\"item\":\"https:\/\/www.bandhu.eu\/de\/\"},{\"@type\":\"ListItem\",\"position\":2,\"name\":\"Shop\",\"item\":\"https:\/\/www.bandhu.eu\/de\/shop\/\"},{\"@type\":\"ListItem\",\"position\":3,\"name\":\"Enfold Ear Cuff\"}]},{\"@type\":\"WebSite\",\"@id\":\"https:\/\/www.bandhu.eu\/de\/#website\",\"url\":\"https:\/\/www.bandhu.eu\/de\/\",\"name\":\"Bandhu\",\"description\":\"Jewelry and accessories\",\"publisher\":{\"@id\":\"https:\/\/www.bandhu.eu\/de\/#organization\"},\"potentialAction\":[{\"@type\":\"SearchAction\",\"target\":{\"@type\":\"EntryPoint\",\"urlTemplate\":\"https:\/\/www.bandhu.eu\/de\/?s={search_term_string}\"},\"query-input\":{\"@type\":\"PropertyValueSpecification\",\"valueRequired\":true,\"valueName\":\"search_term_string\"}}],\"inLanguage\":\"de-DE\"},{\"@type\":\"Organization\",\"@id\":\"https:\/\/www.bandhu.eu\/de\/#organization\",\"name\":\"Bandhu.eu\",\"alternateName\":\"BANDHU\",\"url\":\"https:\/\/www.bandhu.eu\/de\/\",\"logo\":{\"@type\":\"ImageObject\",\"inLanguage\":\"de-DE\",\"@id\":\"https:\/\/www.bandhu.eu\/de\/#\/schema\/logo\/image\/\",\"url\":\"https:\/\/www.bandhu.eu\/wp-content\/uploads\/2025\/03\/org-logo.jpg\",\"contentUrl\":\"https:\/\/www.bandhu.eu\/wp-content\/uploads\/2025\/03\/org-logo.jpg\",\"width\":696,\"height\":696,\"caption\":\"Bandhu.eu\"},\"image\":{\"@id\":\"https:\/\/www.bandhu.eu\/de\/#\/schema\/logo\/image\/\"},\"sameAs\":[\"https:\/\/www.facebook.com\/Bandhu-173241752741764\",\"https:\/\/x.com\/bandhu_eu\",\"https:\/\/www.instagram.com\/bandhu_eu\/\"]}]}<\/script>\n<!-- \/ Yoast SEO plugin. -->","yoast_head_json":{"title":"Enfold Ear Cuff - Bandhu","robots":{"index":"index","follow":"follow","max-snippet":"max-snippet:-1","max-image-preview":"max-image-preview:large","max-video-preview":"max-video-preview:-1"},"canonical":"https:\/\/www.bandhu.eu\/de\/enfold-ear-cuff\/","og_locale":"de_DE","og_type":"article","og_title":"Enfold Ear Cuff - Bandhu","og_description":"Der Edelstahl Ear Cuff von Bandhu vereint minimalistisches Design mit einer modernen, stilvollen Note. Ohne ein Ohrloch zu ben\u00f6tigen, l\u00e4sst sich dieses elegante Schmuckst\u00fcck einfach an den Rand des Ohrs anbringen und verleiht deinem Look sofort einen zeitgem\u00e4\u00dfen Akzent. Hergestellt aus hochwertigem, rostfreiem Stahl, \u00fcberzeugt der Ear Cuff durch seine Langlebigkeit und seinen edlen Glanz, [&hellip;]","og_url":"https:\/\/www.bandhu.eu\/de\/enfold-ear-cuff\/","og_site_name":"Bandhu","article_publisher":"https:\/\/www.facebook.com\/Bandhu-173241752741764","article_modified_time":"2026-02-04T11:06:28+00:00","og_image":[{"width":1400,"height":1400,"url":"https:\/\/www.bandhu.eu\/wp-content\/uploads\/2021\/04\/bandhu-005-1.jpg","type":"image\/jpeg"}],"twitter_card":"summary_large_image","twitter_site":"@bandhu_eu","twitter_misc":{"Gesch\u00e4tzte Lesezeit":"1 Minute"},"schema":{"@context":"https:\/\/schema.org","@graph":[{"@type":"WebPage","@id":"https:\/\/www.bandhu.eu\/de\/enfold-ear-cuff\/","url":"https:\/\/www.bandhu.eu\/de\/enfold-ear-cuff\/","name":"Enfold Ear Cuff - Bandhu","isPartOf":{"@id":"https:\/\/www.bandhu.eu\/de\/#website"},"primaryImageOfPage":{"@id":"https:\/\/www.bandhu.eu\/de\/enfold-ear-cuff\/#primaryimage"},"image":{"@id":"https:\/\/www.bandhu.eu\/de\/enfold-ear-cuff\/#primaryimage"},"thumbnailUrl":"https:\/\/www.bandhu.eu\/wp-content\/uploads\/2021\/04\/bandhu-005-1.jpg","datePublished":"2021-04-28T13:16:00+00:00","dateModified":"2026-02-04T11:06:28+00:00","breadcrumb":{"@id":"https:\/\/www.bandhu.eu\/de\/enfold-ear-cuff\/#breadcrumb"},"inLanguage":"de-DE","potentialAction":[{"@type":"ReadAction","target":["https:\/\/www.bandhu.eu\/de\/enfold-ear-cuff\/"]}]},{"@type":"ImageObject","inLanguage":"de-DE","@id":"https:\/\/www.bandhu.eu\/de\/enfold-ear-cuff\/#primaryimage","url":"https:\/\/www.bandhu.eu\/wp-content\/uploads\/2021\/04\/bandhu-005-1.jpg","contentUrl":"https:\/\/www.bandhu.eu\/wp-content\/uploads\/2021\/04\/bandhu-005-1.jpg","width":1400,"height":1400},{"@type":"BreadcrumbList","@id":"https:\/\/www.bandhu.eu\/de\/enfold-ear-cuff\/#breadcrumb","itemListElement":[{"@type":"ListItem","position":1,"name":"Home","item":"https:\/\/www.bandhu.eu\/de\/"},{"@type":"ListItem","position":2,"name":"Shop","item":"https:\/\/www.bandhu.eu\/de\/shop\/"},{"@type":"ListItem","position":3,"name":"Enfold Ear Cuff"}]},{"@type":"WebSite","@id":"https:\/\/www.bandhu.eu\/de\/#website","url":"https:\/\/www.bandhu.eu\/de\/","name":"Bandhu","description":"Jewelry and accessories","publisher":{"@id":"https:\/\/www.bandhu.eu\/de\/#organization"},"potentialAction":[{"@type":"SearchAction","target":{"@type":"EntryPoint","urlTemplate":"https:\/\/www.bandhu.eu\/de\/?s={search_term_string}"},"query-input":{"@type":"PropertyValueSpecification","valueRequired":true,"valueName":"search_term_string"}}],"inLanguage":"de-DE"},{"@type":"Organization","@id":"https:\/\/www.bandhu.eu\/de\/#organization","name":"Bandhu.eu","alternateName":"BANDHU","url":"https:\/\/www.bandhu.eu\/de\/","logo":{"@type":"ImageObject","inLanguage":"de-DE","@id":"https:\/\/www.bandhu.eu\/de\/#\/schema\/logo\/image\/","url":"https:\/\/www.bandhu.eu\/wp-content\/uploads\/2025\/03\/org-logo.jpg","contentUrl":"https:\/\/www.bandhu.eu\/wp-content\/uploads\/2025\/03\/org-logo.jpg","width":696,"height":696,"caption":"Bandhu.eu"},"image":{"@id":"https:\/\/www.bandhu.eu\/de\/#\/schema\/logo\/image\/"},"sameAs":["https:\/\/www.facebook.com\/Bandhu-173241752741764","https:\/\/x.com\/bandhu_eu","https:\/\/www.instagram.com\/bandhu_eu\/"]}]}},"_links":{"self":[{"href":"https:\/\/www.bandhu.eu\/de\/wp-json\/wp\/v2\/product\/1712125","targetHints":{"allow":["GET"]}}],"collection":[{"href":"https:\/\/www.bandhu.eu\/de\/wp-json\/wp\/v2\/product"}],"about":[{"href":"https:\/\/www.bandhu.eu\/de\/wp-json\/wp\/v2\/types\/product"}],"wp:featuredmedia":[{"embeddable":true,"href":"https:\/\/www.bandhu.eu\/de\/wp-json\/wp\/v2\/media\/1711489"}],"wp:attachment":[{"href":"https:\/\/www.bandhu.eu\/de\/wp-json\/wp\/v2\/media?parent=1712125"}],"wp:term":[{"taxonomy":"product_brand","embeddable":true,"href":"https:\/\/www.bandhu.eu\/de\/wp-json\/wp\/v2\/product_brand?post=1712125"},{"taxonomy":"product_cat","embeddable":true,"href":"https:\/\/www.bandhu.eu\/de\/wp-json\/wp\/v2\/product_cat?post=1712125"},{"taxonomy":"product_tag","embeddable":true,"href":"https:\/\/www.bandhu.eu\/de\/wp-json\/wp\/v2\/product_tag?post=1712125"}],"curies":[{"name":"wp","href":"https:\/\/api.w.org\/{rel}","templated":true}]}}