{"id":1712089,"date":"2022-06-14T09:02:22","date_gmt":"2022-06-14T09:02:22","guid":{"rendered":"https:\/\/www.bandhu.eu\/dot-ring-vergoldet\/"},"modified":"2026-01-18T21:44:32","modified_gmt":"2026-01-18T21:44:32","slug":"dot-ring-vergoldet","status":"publish","type":"product","link":"https:\/\/www.bandhu.eu\/de\/dot-ring-vergoldet\/","title":{"rendered":"Dot Ring vergoldet"},"content":{"rendered":"<p>Die vergoldeten Dot Ringe von Bandhu stehen f\u00fcr schlichtes Design und moderne Eleganz. Diese filigranen Ringe zeichnen sich durch ihre punktf\u00f6rmigen Details aus, die dem minimalistischen Look eine edle Note verleihen. Gefertigt aus rostfreiem Stahl und veredelt mit einer langlebigen Vergoldung, bieten die Dot Ringe Langlebigkeit und Stabilit\u00e4t, w\u00e4hrend sie dank ihrer dezenten Gestaltung vielseitig kombinierbar bleiben.<\/p>\n<p>Jeder vergoldete Dot Ring ist ein ideales Accessoire f\u00fcr den Alltag oder besondere Anl\u00e4sse. Die klaren Linien und der minimalistische Stil machen sie zu einem vielseitigen Schmuckst\u00fcck, das sich m\u00fchelos in verschiedene Looks integrieren l\u00e4sst. Ihre hypoallergenen Eigenschaften sorgen daf\u00fcr, dass sie besonders hautfreundlich sind, sodass du sie den ganzen Tag lang komfortabel tragen kannst.<\/p>\n<p>Bandhu steht f\u00fcr Slow Fashion \u2013 jedes Schmuckst\u00fcck wird in kleinen Mengen gefertigt, um Ressourcen zu schonen und bewussten Konsum zu f\u00f6rdern. Die vergoldeten Dot Ringe sind ein Symbol f\u00fcr nachhaltige Mode, die \u00c4sthetik und Ethik perfekt vereint. Jedes St\u00fcck wird mit gro\u00dfer Liebe zum Detail gefertigt und ist somit ein einzigartiges Unikat.<\/p>\n","protected":false},"excerpt":{"rendered":"<p>Die vergoldeten Dot Ringe von Bandhu stehen f\u00fcr schlichtes Design und moderne Eleganz. Diese filigranen Ringe zeichnen sich durch ihre punktf\u00f6rmigen Details aus, die dem minimalistischen Look eine edle Note verleihen. Gefertigt aus rostfreiem Stahl und veredelt mit einer langlebigen Vergoldung, bieten die Dot Ringe Langlebigkeit und Stabilit\u00e4t, w\u00e4hrend sie dank ihrer dezenten Gestaltung vielseitig [&hellip;]<\/p>\n","protected":false},"featured_media":1711553,"template":"","meta":{"_acf_changed":false},"product_brand":[],"product_cat":[281,292,288],"product_tag":[],"class_list":{"0":"post-1712089","1":"product","2":"type-product","3":"status-publish","4":"has-post-thumbnail","6":"product_cat-gold","7":"product_cat-gold-ringe","8":"product_cat-ringe","10":"first","11":"instock","12":"taxable","13":"shipping-taxable","14":"purchasable","15":"product-type-variable","16":"has-default-attributes"},"acf":[],"yoast_head":"<!-- This site is optimized with the Yoast SEO plugin v26.8 - https:\/\/yoast.com\/product\/yoast-seo-wordpress\/ -->\n<title>Dot Ring vergoldet - Bandhu<\/title>\n<meta name=\"robots\" content=\"index, follow, max-snippet:-1, max-image-preview:large, max-video-preview:-1\" \/>\n<link rel=\"canonical\" href=\"https:\/\/www.bandhu.eu\/de\/dot-ring-vergoldet\/\" \/>\n<meta property=\"og:locale\" content=\"de_DE\" \/>\n<meta property=\"og:type\" content=\"article\" \/>\n<meta property=\"og:title\" content=\"Dot Ring vergoldet - Bandhu\" \/>\n<meta property=\"og:description\" content=\"Die vergoldeten Dot Ringe von Bandhu stehen f\u00fcr schlichtes Design und moderne Eleganz. Diese filigranen Ringe zeichnen sich durch ihre punktf\u00f6rmigen Details aus, die dem minimalistischen Look eine edle Note verleihen. Gefertigt aus rostfreiem Stahl und veredelt mit einer langlebigen Vergoldung, bieten die Dot Ringe Langlebigkeit und Stabilit\u00e4t, w\u00e4hrend sie dank ihrer dezenten Gestaltung vielseitig [&hellip;]\" \/>\n<meta property=\"og:url\" content=\"https:\/\/www.bandhu.eu\/de\/dot-ring-vergoldet\/\" \/>\n<meta property=\"og:site_name\" content=\"Bandhu\" \/>\n<meta property=\"article:publisher\" content=\"https:\/\/www.facebook.com\/Bandhu-173241752741764\" \/>\n<meta property=\"article:modified_time\" content=\"2026-01-18T21:44:32+00:00\" \/>\n<meta property=\"og:image\" content=\"https:\/\/www.bandhu.eu\/wp-content\/uploads\/2022\/06\/dot-ring-gold-001.jpg\" \/>\n\t<meta property=\"og:image:width\" content=\"1600\" \/>\n\t<meta property=\"og:image:height\" content=\"1600\" \/>\n\t<meta property=\"og:image:type\" content=\"image\/jpeg\" \/>\n<meta name=\"twitter:card\" content=\"summary_large_image\" \/>\n<meta name=\"twitter:site\" content=\"@bandhu_eu\" \/>\n<meta name=\"twitter:label1\" content=\"Gesch\u00e4tzte Lesezeit\" \/>\n\t<meta name=\"twitter:data1\" content=\"1 Minute\" \/>\n<script type=\"application\/ld+json\" class=\"yoast-schema-graph\">{\"@context\":\"https:\/\/schema.org\",\"@graph\":[{\"@type\":\"WebPage\",\"@id\":\"https:\/\/www.bandhu.eu\/de\/dot-ring-vergoldet\/\",\"url\":\"https:\/\/www.bandhu.eu\/de\/dot-ring-vergoldet\/\",\"name\":\"Dot Ring vergoldet - Bandhu\",\"isPartOf\":{\"@id\":\"https:\/\/www.bandhu.eu\/de\/#website\"},\"primaryImageOfPage\":{\"@id\":\"https:\/\/www.bandhu.eu\/de\/dot-ring-vergoldet\/#primaryimage\"},\"image\":{\"@id\":\"https:\/\/www.bandhu.eu\/de\/dot-ring-vergoldet\/#primaryimage\"},\"thumbnailUrl\":\"https:\/\/www.bandhu.eu\/wp-content\/uploads\/2022\/06\/dot-ring-gold-001.jpg\",\"datePublished\":\"2022-06-14T09:02:22+00:00\",\"dateModified\":\"2026-01-18T21:44:32+00:00\",\"breadcrumb\":{\"@id\":\"https:\/\/www.bandhu.eu\/de\/dot-ring-vergoldet\/#breadcrumb\"},\"inLanguage\":\"de-DE\",\"potentialAction\":[{\"@type\":\"ReadAction\",\"target\":[\"https:\/\/www.bandhu.eu\/de\/dot-ring-vergoldet\/\"]}]},{\"@type\":\"ImageObject\",\"inLanguage\":\"de-DE\",\"@id\":\"https:\/\/www.bandhu.eu\/de\/dot-ring-vergoldet\/#primaryimage\",\"url\":\"https:\/\/www.bandhu.eu\/wp-content\/uploads\/2022\/06\/dot-ring-gold-001.jpg\",\"contentUrl\":\"https:\/\/www.bandhu.eu\/wp-content\/uploads\/2022\/06\/dot-ring-gold-001.jpg\",\"width\":1600,\"height\":1600},{\"@type\":\"BreadcrumbList\",\"@id\":\"https:\/\/www.bandhu.eu\/de\/dot-ring-vergoldet\/#breadcrumb\",\"itemListElement\":[{\"@type\":\"ListItem\",\"position\":1,\"name\":\"Home\",\"item\":\"https:\/\/www.bandhu.eu\/de\/\"},{\"@type\":\"ListItem\",\"position\":2,\"name\":\"Shop\",\"item\":\"https:\/\/www.bandhu.eu\/de\/shop\/\"},{\"@type\":\"ListItem\",\"position\":3,\"name\":\"Dot Ring vergoldet\"}]},{\"@type\":\"WebSite\",\"@id\":\"https:\/\/www.bandhu.eu\/de\/#website\",\"url\":\"https:\/\/www.bandhu.eu\/de\/\",\"name\":\"Bandhu\",\"description\":\"Jewelry and accessories\",\"publisher\":{\"@id\":\"https:\/\/www.bandhu.eu\/de\/#organization\"},\"potentialAction\":[{\"@type\":\"SearchAction\",\"target\":{\"@type\":\"EntryPoint\",\"urlTemplate\":\"https:\/\/www.bandhu.eu\/de\/?s={search_term_string}\"},\"query-input\":{\"@type\":\"PropertyValueSpecification\",\"valueRequired\":true,\"valueName\":\"search_term_string\"}}],\"inLanguage\":\"de-DE\"},{\"@type\":\"Organization\",\"@id\":\"https:\/\/www.bandhu.eu\/de\/#organization\",\"name\":\"Bandhu.eu\",\"alternateName\":\"BANDHU\",\"url\":\"https:\/\/www.bandhu.eu\/de\/\",\"logo\":{\"@type\":\"ImageObject\",\"inLanguage\":\"de-DE\",\"@id\":\"https:\/\/www.bandhu.eu\/de\/#\/schema\/logo\/image\/\",\"url\":\"https:\/\/www.bandhu.eu\/wp-content\/uploads\/2025\/03\/org-logo.jpg\",\"contentUrl\":\"https:\/\/www.bandhu.eu\/wp-content\/uploads\/2025\/03\/org-logo.jpg\",\"width\":696,\"height\":696,\"caption\":\"Bandhu.eu\"},\"image\":{\"@id\":\"https:\/\/www.bandhu.eu\/de\/#\/schema\/logo\/image\/\"},\"sameAs\":[\"https:\/\/www.facebook.com\/Bandhu-173241752741764\",\"https:\/\/x.com\/bandhu_eu\",\"https:\/\/www.instagram.com\/bandhu_eu\/\"]}]}<\/script>\n<!-- \/ Yoast SEO plugin. -->","yoast_head_json":{"title":"Dot Ring vergoldet - Bandhu","robots":{"index":"index","follow":"follow","max-snippet":"max-snippet:-1","max-image-preview":"max-image-preview:large","max-video-preview":"max-video-preview:-1"},"canonical":"https:\/\/www.bandhu.eu\/de\/dot-ring-vergoldet\/","og_locale":"de_DE","og_type":"article","og_title":"Dot Ring vergoldet - Bandhu","og_description":"Die vergoldeten Dot Ringe von Bandhu stehen f\u00fcr schlichtes Design und moderne Eleganz. Diese filigranen Ringe zeichnen sich durch ihre punktf\u00f6rmigen Details aus, die dem minimalistischen Look eine edle Note verleihen. Gefertigt aus rostfreiem Stahl und veredelt mit einer langlebigen Vergoldung, bieten die Dot Ringe Langlebigkeit und Stabilit\u00e4t, w\u00e4hrend sie dank ihrer dezenten Gestaltung vielseitig [&hellip;]","og_url":"https:\/\/www.bandhu.eu\/de\/dot-ring-vergoldet\/","og_site_name":"Bandhu","article_publisher":"https:\/\/www.facebook.com\/Bandhu-173241752741764","article_modified_time":"2026-01-18T21:44:32+00:00","og_image":[{"width":1600,"height":1600,"url":"https:\/\/www.bandhu.eu\/wp-content\/uploads\/2022\/06\/dot-ring-gold-001.jpg","type":"image\/jpeg"}],"twitter_card":"summary_large_image","twitter_site":"@bandhu_eu","twitter_misc":{"Gesch\u00e4tzte Lesezeit":"1 Minute"},"schema":{"@context":"https:\/\/schema.org","@graph":[{"@type":"WebPage","@id":"https:\/\/www.bandhu.eu\/de\/dot-ring-vergoldet\/","url":"https:\/\/www.bandhu.eu\/de\/dot-ring-vergoldet\/","name":"Dot Ring vergoldet - Bandhu","isPartOf":{"@id":"https:\/\/www.bandhu.eu\/de\/#website"},"primaryImageOfPage":{"@id":"https:\/\/www.bandhu.eu\/de\/dot-ring-vergoldet\/#primaryimage"},"image":{"@id":"https:\/\/www.bandhu.eu\/de\/dot-ring-vergoldet\/#primaryimage"},"thumbnailUrl":"https:\/\/www.bandhu.eu\/wp-content\/uploads\/2022\/06\/dot-ring-gold-001.jpg","datePublished":"2022-06-14T09:02:22+00:00","dateModified":"2026-01-18T21:44:32+00:00","breadcrumb":{"@id":"https:\/\/www.bandhu.eu\/de\/dot-ring-vergoldet\/#breadcrumb"},"inLanguage":"de-DE","potentialAction":[{"@type":"ReadAction","target":["https:\/\/www.bandhu.eu\/de\/dot-ring-vergoldet\/"]}]},{"@type":"ImageObject","inLanguage":"de-DE","@id":"https:\/\/www.bandhu.eu\/de\/dot-ring-vergoldet\/#primaryimage","url":"https:\/\/www.bandhu.eu\/wp-content\/uploads\/2022\/06\/dot-ring-gold-001.jpg","contentUrl":"https:\/\/www.bandhu.eu\/wp-content\/uploads\/2022\/06\/dot-ring-gold-001.jpg","width":1600,"height":1600},{"@type":"BreadcrumbList","@id":"https:\/\/www.bandhu.eu\/de\/dot-ring-vergoldet\/#breadcrumb","itemListElement":[{"@type":"ListItem","position":1,"name":"Home","item":"https:\/\/www.bandhu.eu\/de\/"},{"@type":"ListItem","position":2,"name":"Shop","item":"https:\/\/www.bandhu.eu\/de\/shop\/"},{"@type":"ListItem","position":3,"name":"Dot Ring vergoldet"}]},{"@type":"WebSite","@id":"https:\/\/www.bandhu.eu\/de\/#website","url":"https:\/\/www.bandhu.eu\/de\/","name":"Bandhu","description":"Jewelry and accessories","publisher":{"@id":"https:\/\/www.bandhu.eu\/de\/#organization"},"potentialAction":[{"@type":"SearchAction","target":{"@type":"EntryPoint","urlTemplate":"https:\/\/www.bandhu.eu\/de\/?s={search_term_string}"},"query-input":{"@type":"PropertyValueSpecification","valueRequired":true,"valueName":"search_term_string"}}],"inLanguage":"de-DE"},{"@type":"Organization","@id":"https:\/\/www.bandhu.eu\/de\/#organization","name":"Bandhu.eu","alternateName":"BANDHU","url":"https:\/\/www.bandhu.eu\/de\/","logo":{"@type":"ImageObject","inLanguage":"de-DE","@id":"https:\/\/www.bandhu.eu\/de\/#\/schema\/logo\/image\/","url":"https:\/\/www.bandhu.eu\/wp-content\/uploads\/2025\/03\/org-logo.jpg","contentUrl":"https:\/\/www.bandhu.eu\/wp-content\/uploads\/2025\/03\/org-logo.jpg","width":696,"height":696,"caption":"Bandhu.eu"},"image":{"@id":"https:\/\/www.bandhu.eu\/de\/#\/schema\/logo\/image\/"},"sameAs":["https:\/\/www.facebook.com\/Bandhu-173241752741764","https:\/\/x.com\/bandhu_eu","https:\/\/www.instagram.com\/bandhu_eu\/"]}]}},"_links":{"self":[{"href":"https:\/\/www.bandhu.eu\/de\/wp-json\/wp\/v2\/product\/1712089","targetHints":{"allow":["GET"]}}],"collection":[{"href":"https:\/\/www.bandhu.eu\/de\/wp-json\/wp\/v2\/product"}],"about":[{"href":"https:\/\/www.bandhu.eu\/de\/wp-json\/wp\/v2\/types\/product"}],"wp:featuredmedia":[{"embeddable":true,"href":"https:\/\/www.bandhu.eu\/de\/wp-json\/wp\/v2\/media\/1711553"}],"wp:attachment":[{"href":"https:\/\/www.bandhu.eu\/de\/wp-json\/wp\/v2\/media?parent=1712089"}],"wp:term":[{"taxonomy":"product_brand","embeddable":true,"href":"https:\/\/www.bandhu.eu\/de\/wp-json\/wp\/v2\/product_brand?post=1712089"},{"taxonomy":"product_cat","embeddable":true,"href":"https:\/\/www.bandhu.eu\/de\/wp-json\/wp\/v2\/product_cat?post=1712089"},{"taxonomy":"product_tag","embeddable":true,"href":"https:\/\/www.bandhu.eu\/de\/wp-json\/wp\/v2\/product_tag?post=1712089"}],"curies":[{"name":"wp","href":"https:\/\/api.w.org\/{rel}","templated":true}]}}