{"id":1712088,"date":"2022-06-17T08:08:35","date_gmt":"2022-06-17T08:08:35","guid":{"rendered":"https:\/\/www.bandhu.eu\/hoop-dot-ohrringe-vergoldet\/"},"modified":"2025-07-17T11:31:35","modified_gmt":"2025-07-17T11:31:35","slug":"hoop-dot-ohrringe-vergoldet","status":"publish","type":"product","link":"https:\/\/www.bandhu.eu\/de\/hoop-dot-ohrringe-vergoldet\/","title":{"rendered":"Hoop Dot Ohrringe vergoldet"},"content":{"rendered":"<p>Die vergoldeten Hoop Dot Ohrringe von Bandhu bringen raffinierte Minimalistik in jeden Look und verbinden zur\u00fcckhaltende Eleganz mit nachhaltigen Werten. Mit zarten Punktakzenten entlang des schlanken Creolen-Designs verleihen diese Ohrringe jedem Outfit eine moderne Note, ohne es zu \u00fcberladen. Perfekt f\u00fcr alle, die subtile Raffinesse sch\u00e4tzen, sind die Hoop Dot Ohrringe ein stilvolles Statement, das nie aus der Mode kommt.<\/p>\n<p>Gefertigt aus hochwertigem, rostfreiem Stahl und veredelt mit langlebiger Vergoldung, sind diese Ohrringe ebenso robust wie sch\u00f6n. Sie sind hypoallergen und somit f\u00fcr alle Hauttypen geeignet, was h\u00f6chsten Tragekomfort garantiert. Dank ihrer klaren, minimalistischen Silhouette sind sie ein vielseitiges Accessoire, das m\u00fchelos von l\u00e4ssigen Tageslooks zu eleganter Abendgarderobe \u00fcbergeht und jedem Ensemble eine subtile, aber beeindruckende Note verleiht.<\/p>\n<p>Jedes Schmuckst\u00fcck von Bandhu wird in kleinen, limitierten Chargen gefertigt, um Nachhaltigkeit und Exklusivit\u00e4t zu f\u00f6rdern. Die vergoldeten Hoop Dot Ohrringe verk\u00f6rpern die Prinzipien von Slow Fashion und zeitlosem Design und sind eine wertvolle Erg\u00e4nzung f\u00fcr jede Schmuckkollektion. Mit ihrer langlebigen Verarbeitung und ihrem minimalistischen Charme sind diese Ohrringe daf\u00fcr gemacht, \u00fcber viele Jahre hinweg ein gesch\u00e4tztes Lieblingsst\u00fcck zu sein.<\/p>\n","protected":false},"excerpt":{"rendered":"<p>Die vergoldeten Hoop Dot Ohrringe von Bandhu bringen raffinierte Minimalistik in jeden Look und verbinden zur\u00fcckhaltende Eleganz mit nachhaltigen Werten. Mit zarten Punktakzenten entlang des schlanken Creolen-Designs verleihen diese Ohrringe jedem Outfit eine moderne Note, ohne es zu \u00fcberladen. Perfekt f\u00fcr alle, die subtile Raffinesse sch\u00e4tzen, sind die Hoop Dot Ohrringe ein stilvolles Statement, das [&hellip;]<\/p>\n","protected":false},"featured_media":1711561,"template":"","meta":{"_acf_changed":false},"product_brand":[],"product_cat":[281,279,277],"product_tag":[],"class_list":{"0":"post-1712088","1":"product","2":"type-product","3":"status-publish","4":"has-post-thumbnail","6":"product_cat-gold","7":"product_cat-gold-ohrringe","8":"product_cat-ohrringe","10":"first","11":"instock","12":"taxable","13":"shipping-taxable","14":"purchasable","15":"product-type-simple"},"acf":[],"yoast_head":"<!-- This site is optimized with the Yoast SEO plugin v26.8 - https:\/\/yoast.com\/product\/yoast-seo-wordpress\/ -->\n<title>Hoop Dot Ohrringe vergoldet - Bandhu<\/title>\n<meta name=\"robots\" content=\"index, follow, max-snippet:-1, max-image-preview:large, max-video-preview:-1\" \/>\n<link rel=\"canonical\" href=\"https:\/\/www.bandhu.eu\/de\/hoop-dot-ohrringe-vergoldet\/\" \/>\n<meta property=\"og:locale\" content=\"de_DE\" \/>\n<meta property=\"og:type\" content=\"article\" \/>\n<meta property=\"og:title\" content=\"Hoop Dot Ohrringe vergoldet - Bandhu\" \/>\n<meta property=\"og:description\" content=\"Die vergoldeten Hoop Dot Ohrringe von Bandhu bringen raffinierte Minimalistik in jeden Look und verbinden zur\u00fcckhaltende Eleganz mit nachhaltigen Werten. Mit zarten Punktakzenten entlang des schlanken Creolen-Designs verleihen diese Ohrringe jedem Outfit eine moderne Note, ohne es zu \u00fcberladen. Perfekt f\u00fcr alle, die subtile Raffinesse sch\u00e4tzen, sind die Hoop Dot Ohrringe ein stilvolles Statement, das [&hellip;]\" \/>\n<meta property=\"og:url\" content=\"https:\/\/www.bandhu.eu\/de\/hoop-dot-ohrringe-vergoldet\/\" \/>\n<meta property=\"og:site_name\" content=\"Bandhu\" \/>\n<meta property=\"article:publisher\" content=\"https:\/\/www.facebook.com\/Bandhu-173241752741764\" \/>\n<meta property=\"article:modified_time\" content=\"2025-07-17T11:31:35+00:00\" \/>\n<meta property=\"og:image\" content=\"https:\/\/www.bandhu.eu\/wp-content\/uploads\/2022\/06\/Hoop-ball-closure-earrings-gold-01.jpg\" \/>\n\t<meta property=\"og:image:width\" content=\"1600\" \/>\n\t<meta property=\"og:image:height\" content=\"1600\" \/>\n\t<meta property=\"og:image:type\" content=\"image\/jpeg\" \/>\n<meta name=\"twitter:card\" content=\"summary_large_image\" \/>\n<meta name=\"twitter:site\" content=\"@bandhu_eu\" \/>\n<meta name=\"twitter:label1\" content=\"Gesch\u00e4tzte Lesezeit\" \/>\n\t<meta name=\"twitter:data1\" content=\"1 Minute\" \/>\n<script type=\"application\/ld+json\" class=\"yoast-schema-graph\">{\"@context\":\"https:\/\/schema.org\",\"@graph\":[{\"@type\":\"WebPage\",\"@id\":\"https:\/\/www.bandhu.eu\/de\/hoop-dot-ohrringe-vergoldet\/\",\"url\":\"https:\/\/www.bandhu.eu\/de\/hoop-dot-ohrringe-vergoldet\/\",\"name\":\"Hoop Dot Ohrringe vergoldet - Bandhu\",\"isPartOf\":{\"@id\":\"https:\/\/www.bandhu.eu\/de\/#website\"},\"primaryImageOfPage\":{\"@id\":\"https:\/\/www.bandhu.eu\/de\/hoop-dot-ohrringe-vergoldet\/#primaryimage\"},\"image\":{\"@id\":\"https:\/\/www.bandhu.eu\/de\/hoop-dot-ohrringe-vergoldet\/#primaryimage\"},\"thumbnailUrl\":\"https:\/\/www.bandhu.eu\/wp-content\/uploads\/2022\/06\/Hoop-ball-closure-earrings-gold-01.jpg\",\"datePublished\":\"2022-06-17T08:08:35+00:00\",\"dateModified\":\"2025-07-17T11:31:35+00:00\",\"breadcrumb\":{\"@id\":\"https:\/\/www.bandhu.eu\/de\/hoop-dot-ohrringe-vergoldet\/#breadcrumb\"},\"inLanguage\":\"de-DE\",\"potentialAction\":[{\"@type\":\"ReadAction\",\"target\":[\"https:\/\/www.bandhu.eu\/de\/hoop-dot-ohrringe-vergoldet\/\"]}]},{\"@type\":\"ImageObject\",\"inLanguage\":\"de-DE\",\"@id\":\"https:\/\/www.bandhu.eu\/de\/hoop-dot-ohrringe-vergoldet\/#primaryimage\",\"url\":\"https:\/\/www.bandhu.eu\/wp-content\/uploads\/2022\/06\/Hoop-ball-closure-earrings-gold-01.jpg\",\"contentUrl\":\"https:\/\/www.bandhu.eu\/wp-content\/uploads\/2022\/06\/Hoop-ball-closure-earrings-gold-01.jpg\",\"width\":1600,\"height\":1600},{\"@type\":\"BreadcrumbList\",\"@id\":\"https:\/\/www.bandhu.eu\/de\/hoop-dot-ohrringe-vergoldet\/#breadcrumb\",\"itemListElement\":[{\"@type\":\"ListItem\",\"position\":1,\"name\":\"Home\",\"item\":\"https:\/\/www.bandhu.eu\/de\/\"},{\"@type\":\"ListItem\",\"position\":2,\"name\":\"Shop\",\"item\":\"https:\/\/www.bandhu.eu\/de\/shop\/\"},{\"@type\":\"ListItem\",\"position\":3,\"name\":\"Hoop Dot Ohrringe vergoldet\"}]},{\"@type\":\"WebSite\",\"@id\":\"https:\/\/www.bandhu.eu\/de\/#website\",\"url\":\"https:\/\/www.bandhu.eu\/de\/\",\"name\":\"Bandhu\",\"description\":\"Jewelry and accessories\",\"publisher\":{\"@id\":\"https:\/\/www.bandhu.eu\/de\/#organization\"},\"potentialAction\":[{\"@type\":\"SearchAction\",\"target\":{\"@type\":\"EntryPoint\",\"urlTemplate\":\"https:\/\/www.bandhu.eu\/de\/?s={search_term_string}\"},\"query-input\":{\"@type\":\"PropertyValueSpecification\",\"valueRequired\":true,\"valueName\":\"search_term_string\"}}],\"inLanguage\":\"de-DE\"},{\"@type\":\"Organization\",\"@id\":\"https:\/\/www.bandhu.eu\/de\/#organization\",\"name\":\"Bandhu.eu\",\"alternateName\":\"BANDHU\",\"url\":\"https:\/\/www.bandhu.eu\/de\/\",\"logo\":{\"@type\":\"ImageObject\",\"inLanguage\":\"de-DE\",\"@id\":\"https:\/\/www.bandhu.eu\/de\/#\/schema\/logo\/image\/\",\"url\":\"https:\/\/www.bandhu.eu\/wp-content\/uploads\/2025\/03\/org-logo.jpg\",\"contentUrl\":\"https:\/\/www.bandhu.eu\/wp-content\/uploads\/2025\/03\/org-logo.jpg\",\"width\":696,\"height\":696,\"caption\":\"Bandhu.eu\"},\"image\":{\"@id\":\"https:\/\/www.bandhu.eu\/de\/#\/schema\/logo\/image\/\"},\"sameAs\":[\"https:\/\/www.facebook.com\/Bandhu-173241752741764\",\"https:\/\/x.com\/bandhu_eu\",\"https:\/\/www.instagram.com\/bandhu_eu\/\"]}]}<\/script>\n<!-- \/ Yoast SEO plugin. -->","yoast_head_json":{"title":"Hoop Dot Ohrringe vergoldet - Bandhu","robots":{"index":"index","follow":"follow","max-snippet":"max-snippet:-1","max-image-preview":"max-image-preview:large","max-video-preview":"max-video-preview:-1"},"canonical":"https:\/\/www.bandhu.eu\/de\/hoop-dot-ohrringe-vergoldet\/","og_locale":"de_DE","og_type":"article","og_title":"Hoop Dot Ohrringe vergoldet - Bandhu","og_description":"Die vergoldeten Hoop Dot Ohrringe von Bandhu bringen raffinierte Minimalistik in jeden Look und verbinden zur\u00fcckhaltende Eleganz mit nachhaltigen Werten. Mit zarten Punktakzenten entlang des schlanken Creolen-Designs verleihen diese Ohrringe jedem Outfit eine moderne Note, ohne es zu \u00fcberladen. Perfekt f\u00fcr alle, die subtile Raffinesse sch\u00e4tzen, sind die Hoop Dot Ohrringe ein stilvolles Statement, das [&hellip;]","og_url":"https:\/\/www.bandhu.eu\/de\/hoop-dot-ohrringe-vergoldet\/","og_site_name":"Bandhu","article_publisher":"https:\/\/www.facebook.com\/Bandhu-173241752741764","article_modified_time":"2025-07-17T11:31:35+00:00","og_image":[{"width":1600,"height":1600,"url":"https:\/\/www.bandhu.eu\/wp-content\/uploads\/2022\/06\/Hoop-ball-closure-earrings-gold-01.jpg","type":"image\/jpeg"}],"twitter_card":"summary_large_image","twitter_site":"@bandhu_eu","twitter_misc":{"Gesch\u00e4tzte Lesezeit":"1 Minute"},"schema":{"@context":"https:\/\/schema.org","@graph":[{"@type":"WebPage","@id":"https:\/\/www.bandhu.eu\/de\/hoop-dot-ohrringe-vergoldet\/","url":"https:\/\/www.bandhu.eu\/de\/hoop-dot-ohrringe-vergoldet\/","name":"Hoop Dot Ohrringe vergoldet - Bandhu","isPartOf":{"@id":"https:\/\/www.bandhu.eu\/de\/#website"},"primaryImageOfPage":{"@id":"https:\/\/www.bandhu.eu\/de\/hoop-dot-ohrringe-vergoldet\/#primaryimage"},"image":{"@id":"https:\/\/www.bandhu.eu\/de\/hoop-dot-ohrringe-vergoldet\/#primaryimage"},"thumbnailUrl":"https:\/\/www.bandhu.eu\/wp-content\/uploads\/2022\/06\/Hoop-ball-closure-earrings-gold-01.jpg","datePublished":"2022-06-17T08:08:35+00:00","dateModified":"2025-07-17T11:31:35+00:00","breadcrumb":{"@id":"https:\/\/www.bandhu.eu\/de\/hoop-dot-ohrringe-vergoldet\/#breadcrumb"},"inLanguage":"de-DE","potentialAction":[{"@type":"ReadAction","target":["https:\/\/www.bandhu.eu\/de\/hoop-dot-ohrringe-vergoldet\/"]}]},{"@type":"ImageObject","inLanguage":"de-DE","@id":"https:\/\/www.bandhu.eu\/de\/hoop-dot-ohrringe-vergoldet\/#primaryimage","url":"https:\/\/www.bandhu.eu\/wp-content\/uploads\/2022\/06\/Hoop-ball-closure-earrings-gold-01.jpg","contentUrl":"https:\/\/www.bandhu.eu\/wp-content\/uploads\/2022\/06\/Hoop-ball-closure-earrings-gold-01.jpg","width":1600,"height":1600},{"@type":"BreadcrumbList","@id":"https:\/\/www.bandhu.eu\/de\/hoop-dot-ohrringe-vergoldet\/#breadcrumb","itemListElement":[{"@type":"ListItem","position":1,"name":"Home","item":"https:\/\/www.bandhu.eu\/de\/"},{"@type":"ListItem","position":2,"name":"Shop","item":"https:\/\/www.bandhu.eu\/de\/shop\/"},{"@type":"ListItem","position":3,"name":"Hoop Dot Ohrringe vergoldet"}]},{"@type":"WebSite","@id":"https:\/\/www.bandhu.eu\/de\/#website","url":"https:\/\/www.bandhu.eu\/de\/","name":"Bandhu","description":"Jewelry and accessories","publisher":{"@id":"https:\/\/www.bandhu.eu\/de\/#organization"},"potentialAction":[{"@type":"SearchAction","target":{"@type":"EntryPoint","urlTemplate":"https:\/\/www.bandhu.eu\/de\/?s={search_term_string}"},"query-input":{"@type":"PropertyValueSpecification","valueRequired":true,"valueName":"search_term_string"}}],"inLanguage":"de-DE"},{"@type":"Organization","@id":"https:\/\/www.bandhu.eu\/de\/#organization","name":"Bandhu.eu","alternateName":"BANDHU","url":"https:\/\/www.bandhu.eu\/de\/","logo":{"@type":"ImageObject","inLanguage":"de-DE","@id":"https:\/\/www.bandhu.eu\/de\/#\/schema\/logo\/image\/","url":"https:\/\/www.bandhu.eu\/wp-content\/uploads\/2025\/03\/org-logo.jpg","contentUrl":"https:\/\/www.bandhu.eu\/wp-content\/uploads\/2025\/03\/org-logo.jpg","width":696,"height":696,"caption":"Bandhu.eu"},"image":{"@id":"https:\/\/www.bandhu.eu\/de\/#\/schema\/logo\/image\/"},"sameAs":["https:\/\/www.facebook.com\/Bandhu-173241752741764","https:\/\/x.com\/bandhu_eu","https:\/\/www.instagram.com\/bandhu_eu\/"]}]}},"_links":{"self":[{"href":"https:\/\/www.bandhu.eu\/de\/wp-json\/wp\/v2\/product\/1712088","targetHints":{"allow":["GET"]}}],"collection":[{"href":"https:\/\/www.bandhu.eu\/de\/wp-json\/wp\/v2\/product"}],"about":[{"href":"https:\/\/www.bandhu.eu\/de\/wp-json\/wp\/v2\/types\/product"}],"wp:featuredmedia":[{"embeddable":true,"href":"https:\/\/www.bandhu.eu\/de\/wp-json\/wp\/v2\/media\/1711561"}],"wp:attachment":[{"href":"https:\/\/www.bandhu.eu\/de\/wp-json\/wp\/v2\/media?parent=1712088"}],"wp:term":[{"taxonomy":"product_brand","embeddable":true,"href":"https:\/\/www.bandhu.eu\/de\/wp-json\/wp\/v2\/product_brand?post=1712088"},{"taxonomy":"product_cat","embeddable":true,"href":"https:\/\/www.bandhu.eu\/de\/wp-json\/wp\/v2\/product_cat?post=1712088"},{"taxonomy":"product_tag","embeddable":true,"href":"https:\/\/www.bandhu.eu\/de\/wp-json\/wp\/v2\/product_tag?post=1712088"}],"curies":[{"name":"wp","href":"https:\/\/api.w.org\/{rel}","templated":true}]}}