{"id":1712087,"date":"2022-06-17T08:11:59","date_gmt":"2022-06-17T08:11:59","guid":{"rendered":"https:\/\/www.bandhu.eu\/ohrringe-mit-punktverschluss\/"},"modified":"2025-12-17T16:15:12","modified_gmt":"2025-12-17T16:15:12","slug":"reif-punkt-armbander","status":"publish","type":"product","link":"https:\/\/www.bandhu.eu\/de\/reif-punkt-armbander\/","title":{"rendered":"Hoop Dot Ohrringe"},"content":{"rendered":"<p>Die Hoop Dot Ohrringe von Bandhu verleihen jedem Look eine Note raffinierter Minimalit\u00e4t und vereinen zur\u00fcckhaltende Eleganz mit nachhaltigen Werten. Mit ihren filigranen Punktakzenten entlang eines schlanken Creolen-Designs bieten diese Ohrringe eine moderne, stilvolle Note, die jedes Outfit dezent aufwertet, ohne es zu dominieren. Perfekt f\u00fcr alle, die subtile Raffinesse sch\u00e4tzen \u2013 die Hoop Dot Ohrringe setzen ein elegantes Statement, das nie aus der Mode kommt.<\/p>\n<p><\/p>\n<p>Gefertigt aus hochwertigem Edelstahl sind diese Ohrringe ebenso robust wie sch\u00f6n und wurden f\u00fcr ein angenehmes, hypoallergenes Tragegef\u00fchl auf allen Hauttypen entworfen. Ihre klare, minimalistische Silhouette macht sie zu einem vielseitigen Accessoire, das m\u00fchelos von l\u00e4ssigen Tageslooks zu eleganter Abendmode \u00fcbergehen kann und jedem Ensemble ein dezentes, doch eindrucksvolles Detail verleiht.<\/p>\n<p><\/p>\n<p>Jedes St\u00fcck von Bandhu wird in kleinen, limitierten Auflagen hergestellt, um Nachhaltigkeit und Exklusivit\u00e4t zu f\u00f6rdern. Diese Ohrringe verk\u00f6rpern die Werte der Slow Fashion und des zeitlosen Designs, wodurch sie zu einer langlebigen Erg\u00e4nzung jeder Schmucksammlung werden. Mit ihrer langlebigen Verarbeitung und ihrem minimalistischen Charme sind die Hoop Dot Ohrringe dazu gemacht, \u00fcber Jahre hinweg ein gesch\u00e4tzter Favorit zu bleiben.<\/p>\n","protected":false},"excerpt":{"rendered":"<p>Die Hoop Dot Ohrringe von Bandhu verleihen jedem Look eine Note raffinierter Minimalit\u00e4t und vereinen zur\u00fcckhaltende Eleganz mit nachhaltigen Werten. Mit ihren filigranen Punktakzenten entlang eines schlanken Creolen-Designs bieten diese Ohrringe eine moderne, stilvolle Note, die jedes Outfit dezent aufwertet, ohne es zu dominieren. Perfekt f\u00fcr alle, die subtile Raffinesse sch\u00e4tzen \u2013 die Hoop Dot [&hellip;]<\/p>\n","protected":false},"featured_media":1711563,"template":"","meta":{"_acf_changed":false},"product_brand":[],"product_cat":[277,282,280],"product_tag":[],"class_list":{"0":"post-1712087","1":"product","2":"type-product","3":"status-publish","4":"has-post-thumbnail","6":"product_cat-ohrringe","7":"product_cat-silber","8":"product_cat-silber-ohrringe","10":"first","11":"instock","12":"taxable","13":"shipping-taxable","14":"purchasable","15":"product-type-simple"},"acf":[],"yoast_head":"<!-- This site is optimized with the Yoast SEO plugin v26.8 - https:\/\/yoast.com\/product\/yoast-seo-wordpress\/ -->\n<title>Hoop Dot Ohrringe - Bandhu<\/title>\n<meta name=\"robots\" content=\"index, follow, max-snippet:-1, max-image-preview:large, max-video-preview:-1\" \/>\n<link rel=\"canonical\" href=\"https:\/\/www.bandhu.eu\/de\/reif-punkt-armbander\/\" \/>\n<meta property=\"og:locale\" content=\"de_DE\" \/>\n<meta property=\"og:type\" content=\"article\" \/>\n<meta property=\"og:title\" content=\"Hoop Dot Ohrringe - Bandhu\" \/>\n<meta property=\"og:description\" content=\"Die Hoop Dot Ohrringe von Bandhu verleihen jedem Look eine Note raffinierter Minimalit\u00e4t und vereinen zur\u00fcckhaltende Eleganz mit nachhaltigen Werten. Mit ihren filigranen Punktakzenten entlang eines schlanken Creolen-Designs bieten diese Ohrringe eine moderne, stilvolle Note, die jedes Outfit dezent aufwertet, ohne es zu dominieren. Perfekt f\u00fcr alle, die subtile Raffinesse sch\u00e4tzen \u2013 die Hoop Dot [&hellip;]\" \/>\n<meta property=\"og:url\" content=\"https:\/\/www.bandhu.eu\/de\/reif-punkt-armbander\/\" \/>\n<meta property=\"og:site_name\" content=\"Bandhu\" \/>\n<meta property=\"article:publisher\" content=\"https:\/\/www.facebook.com\/Bandhu-173241752741764\" \/>\n<meta property=\"article:modified_time\" content=\"2025-12-17T16:15:12+00:00\" \/>\n<meta property=\"og:image\" content=\"https:\/\/www.bandhu.eu\/wp-content\/uploads\/2022\/06\/Hoop-ball-closure-earrings-silver-01.jpg\" \/>\n\t<meta property=\"og:image:width\" content=\"1600\" \/>\n\t<meta property=\"og:image:height\" content=\"1600\" \/>\n\t<meta property=\"og:image:type\" content=\"image\/jpeg\" \/>\n<meta name=\"twitter:card\" content=\"summary_large_image\" \/>\n<meta name=\"twitter:site\" content=\"@bandhu_eu\" \/>\n<meta name=\"twitter:label1\" content=\"Gesch\u00e4tzte Lesezeit\" \/>\n\t<meta name=\"twitter:data1\" content=\"1 Minute\" \/>\n<script type=\"application\/ld+json\" class=\"yoast-schema-graph\">{\"@context\":\"https:\/\/schema.org\",\"@graph\":[{\"@type\":\"WebPage\",\"@id\":\"https:\/\/www.bandhu.eu\/de\/reif-punkt-armbander\/\",\"url\":\"https:\/\/www.bandhu.eu\/de\/reif-punkt-armbander\/\",\"name\":\"Hoop Dot Ohrringe - Bandhu\",\"isPartOf\":{\"@id\":\"https:\/\/www.bandhu.eu\/de\/#website\"},\"primaryImageOfPage\":{\"@id\":\"https:\/\/www.bandhu.eu\/de\/reif-punkt-armbander\/#primaryimage\"},\"image\":{\"@id\":\"https:\/\/www.bandhu.eu\/de\/reif-punkt-armbander\/#primaryimage\"},\"thumbnailUrl\":\"https:\/\/www.bandhu.eu\/wp-content\/uploads\/2022\/06\/Hoop-ball-closure-earrings-silver-01.jpg\",\"datePublished\":\"2022-06-17T08:11:59+00:00\",\"dateModified\":\"2025-12-17T16:15:12+00:00\",\"breadcrumb\":{\"@id\":\"https:\/\/www.bandhu.eu\/de\/reif-punkt-armbander\/#breadcrumb\"},\"inLanguage\":\"de-DE\",\"potentialAction\":[{\"@type\":\"ReadAction\",\"target\":[\"https:\/\/www.bandhu.eu\/de\/reif-punkt-armbander\/\"]}]},{\"@type\":\"ImageObject\",\"inLanguage\":\"de-DE\",\"@id\":\"https:\/\/www.bandhu.eu\/de\/reif-punkt-armbander\/#primaryimage\",\"url\":\"https:\/\/www.bandhu.eu\/wp-content\/uploads\/2022\/06\/Hoop-ball-closure-earrings-silver-01.jpg\",\"contentUrl\":\"https:\/\/www.bandhu.eu\/wp-content\/uploads\/2022\/06\/Hoop-ball-closure-earrings-silver-01.jpg\",\"width\":1600,\"height\":1600},{\"@type\":\"BreadcrumbList\",\"@id\":\"https:\/\/www.bandhu.eu\/de\/reif-punkt-armbander\/#breadcrumb\",\"itemListElement\":[{\"@type\":\"ListItem\",\"position\":1,\"name\":\"Home\",\"item\":\"https:\/\/www.bandhu.eu\/de\/\"},{\"@type\":\"ListItem\",\"position\":2,\"name\":\"Shop\",\"item\":\"https:\/\/www.bandhu.eu\/de\/shop\/\"},{\"@type\":\"ListItem\",\"position\":3,\"name\":\"Hoop Dot Ohrringe\"}]},{\"@type\":\"WebSite\",\"@id\":\"https:\/\/www.bandhu.eu\/de\/#website\",\"url\":\"https:\/\/www.bandhu.eu\/de\/\",\"name\":\"Bandhu\",\"description\":\"Jewelry and accessories\",\"publisher\":{\"@id\":\"https:\/\/www.bandhu.eu\/de\/#organization\"},\"potentialAction\":[{\"@type\":\"SearchAction\",\"target\":{\"@type\":\"EntryPoint\",\"urlTemplate\":\"https:\/\/www.bandhu.eu\/de\/?s={search_term_string}\"},\"query-input\":{\"@type\":\"PropertyValueSpecification\",\"valueRequired\":true,\"valueName\":\"search_term_string\"}}],\"inLanguage\":\"de-DE\"},{\"@type\":\"Organization\",\"@id\":\"https:\/\/www.bandhu.eu\/de\/#organization\",\"name\":\"Bandhu.eu\",\"alternateName\":\"BANDHU\",\"url\":\"https:\/\/www.bandhu.eu\/de\/\",\"logo\":{\"@type\":\"ImageObject\",\"inLanguage\":\"de-DE\",\"@id\":\"https:\/\/www.bandhu.eu\/de\/#\/schema\/logo\/image\/\",\"url\":\"https:\/\/www.bandhu.eu\/wp-content\/uploads\/2025\/03\/org-logo.jpg\",\"contentUrl\":\"https:\/\/www.bandhu.eu\/wp-content\/uploads\/2025\/03\/org-logo.jpg\",\"width\":696,\"height\":696,\"caption\":\"Bandhu.eu\"},\"image\":{\"@id\":\"https:\/\/www.bandhu.eu\/de\/#\/schema\/logo\/image\/\"},\"sameAs\":[\"https:\/\/www.facebook.com\/Bandhu-173241752741764\",\"https:\/\/x.com\/bandhu_eu\",\"https:\/\/www.instagram.com\/bandhu_eu\/\"]}]}<\/script>\n<!-- \/ Yoast SEO plugin. -->","yoast_head_json":{"title":"Hoop Dot Ohrringe - Bandhu","robots":{"index":"index","follow":"follow","max-snippet":"max-snippet:-1","max-image-preview":"max-image-preview:large","max-video-preview":"max-video-preview:-1"},"canonical":"https:\/\/www.bandhu.eu\/de\/reif-punkt-armbander\/","og_locale":"de_DE","og_type":"article","og_title":"Hoop Dot Ohrringe - Bandhu","og_description":"Die Hoop Dot Ohrringe von Bandhu verleihen jedem Look eine Note raffinierter Minimalit\u00e4t und vereinen zur\u00fcckhaltende Eleganz mit nachhaltigen Werten. Mit ihren filigranen Punktakzenten entlang eines schlanken Creolen-Designs bieten diese Ohrringe eine moderne, stilvolle Note, die jedes Outfit dezent aufwertet, ohne es zu dominieren. Perfekt f\u00fcr alle, die subtile Raffinesse sch\u00e4tzen \u2013 die Hoop Dot [&hellip;]","og_url":"https:\/\/www.bandhu.eu\/de\/reif-punkt-armbander\/","og_site_name":"Bandhu","article_publisher":"https:\/\/www.facebook.com\/Bandhu-173241752741764","article_modified_time":"2025-12-17T16:15:12+00:00","og_image":[{"width":1600,"height":1600,"url":"https:\/\/www.bandhu.eu\/wp-content\/uploads\/2022\/06\/Hoop-ball-closure-earrings-silver-01.jpg","type":"image\/jpeg"}],"twitter_card":"summary_large_image","twitter_site":"@bandhu_eu","twitter_misc":{"Gesch\u00e4tzte Lesezeit":"1 Minute"},"schema":{"@context":"https:\/\/schema.org","@graph":[{"@type":"WebPage","@id":"https:\/\/www.bandhu.eu\/de\/reif-punkt-armbander\/","url":"https:\/\/www.bandhu.eu\/de\/reif-punkt-armbander\/","name":"Hoop Dot Ohrringe - Bandhu","isPartOf":{"@id":"https:\/\/www.bandhu.eu\/de\/#website"},"primaryImageOfPage":{"@id":"https:\/\/www.bandhu.eu\/de\/reif-punkt-armbander\/#primaryimage"},"image":{"@id":"https:\/\/www.bandhu.eu\/de\/reif-punkt-armbander\/#primaryimage"},"thumbnailUrl":"https:\/\/www.bandhu.eu\/wp-content\/uploads\/2022\/06\/Hoop-ball-closure-earrings-silver-01.jpg","datePublished":"2022-06-17T08:11:59+00:00","dateModified":"2025-12-17T16:15:12+00:00","breadcrumb":{"@id":"https:\/\/www.bandhu.eu\/de\/reif-punkt-armbander\/#breadcrumb"},"inLanguage":"de-DE","potentialAction":[{"@type":"ReadAction","target":["https:\/\/www.bandhu.eu\/de\/reif-punkt-armbander\/"]}]},{"@type":"ImageObject","inLanguage":"de-DE","@id":"https:\/\/www.bandhu.eu\/de\/reif-punkt-armbander\/#primaryimage","url":"https:\/\/www.bandhu.eu\/wp-content\/uploads\/2022\/06\/Hoop-ball-closure-earrings-silver-01.jpg","contentUrl":"https:\/\/www.bandhu.eu\/wp-content\/uploads\/2022\/06\/Hoop-ball-closure-earrings-silver-01.jpg","width":1600,"height":1600},{"@type":"BreadcrumbList","@id":"https:\/\/www.bandhu.eu\/de\/reif-punkt-armbander\/#breadcrumb","itemListElement":[{"@type":"ListItem","position":1,"name":"Home","item":"https:\/\/www.bandhu.eu\/de\/"},{"@type":"ListItem","position":2,"name":"Shop","item":"https:\/\/www.bandhu.eu\/de\/shop\/"},{"@type":"ListItem","position":3,"name":"Hoop Dot Ohrringe"}]},{"@type":"WebSite","@id":"https:\/\/www.bandhu.eu\/de\/#website","url":"https:\/\/www.bandhu.eu\/de\/","name":"Bandhu","description":"Jewelry and accessories","publisher":{"@id":"https:\/\/www.bandhu.eu\/de\/#organization"},"potentialAction":[{"@type":"SearchAction","target":{"@type":"EntryPoint","urlTemplate":"https:\/\/www.bandhu.eu\/de\/?s={search_term_string}"},"query-input":{"@type":"PropertyValueSpecification","valueRequired":true,"valueName":"search_term_string"}}],"inLanguage":"de-DE"},{"@type":"Organization","@id":"https:\/\/www.bandhu.eu\/de\/#organization","name":"Bandhu.eu","alternateName":"BANDHU","url":"https:\/\/www.bandhu.eu\/de\/","logo":{"@type":"ImageObject","inLanguage":"de-DE","@id":"https:\/\/www.bandhu.eu\/de\/#\/schema\/logo\/image\/","url":"https:\/\/www.bandhu.eu\/wp-content\/uploads\/2025\/03\/org-logo.jpg","contentUrl":"https:\/\/www.bandhu.eu\/wp-content\/uploads\/2025\/03\/org-logo.jpg","width":696,"height":696,"caption":"Bandhu.eu"},"image":{"@id":"https:\/\/www.bandhu.eu\/de\/#\/schema\/logo\/image\/"},"sameAs":["https:\/\/www.facebook.com\/Bandhu-173241752741764","https:\/\/x.com\/bandhu_eu","https:\/\/www.instagram.com\/bandhu_eu\/"]}]}},"_links":{"self":[{"href":"https:\/\/www.bandhu.eu\/de\/wp-json\/wp\/v2\/product\/1712087","targetHints":{"allow":["GET"]}}],"collection":[{"href":"https:\/\/www.bandhu.eu\/de\/wp-json\/wp\/v2\/product"}],"about":[{"href":"https:\/\/www.bandhu.eu\/de\/wp-json\/wp\/v2\/types\/product"}],"wp:featuredmedia":[{"embeddable":true,"href":"https:\/\/www.bandhu.eu\/de\/wp-json\/wp\/v2\/media\/1711563"}],"wp:attachment":[{"href":"https:\/\/www.bandhu.eu\/de\/wp-json\/wp\/v2\/media?parent=1712087"}],"wp:term":[{"taxonomy":"product_brand","embeddable":true,"href":"https:\/\/www.bandhu.eu\/de\/wp-json\/wp\/v2\/product_brand?post=1712087"},{"taxonomy":"product_cat","embeddable":true,"href":"https:\/\/www.bandhu.eu\/de\/wp-json\/wp\/v2\/product_cat?post=1712087"},{"taxonomy":"product_tag","embeddable":true,"href":"https:\/\/www.bandhu.eu\/de\/wp-json\/wp\/v2\/product_tag?post=1712087"}],"curies":[{"name":"wp","href":"https:\/\/api.w.org\/{rel}","templated":true}]}}