{"id":1712499,"date":"2018-10-29T11:40:06","date_gmt":"2018-10-29T11:40:06","guid":{"rendered":"https:\/\/www.bandhu.eu\/datenschutz\/"},"modified":"2018-10-29T11:40:06","modified_gmt":"2018-10-29T11:40:06","slug":"datenschutz","status":"publish","type":"page","link":"https:\/\/www.bandhu.eu\/de\/datenschutz\/","title":{"rendered":"Datenschutz"},"content":{"rendered":"<h2>Wie sind wir<\/h2>\n<p>Die Adresse der Website lautet: http:\/\/www.bandhu.eu.<\/p>\n<h2>Welche pers\u00f6nlichen Gegevens wir verzamelen und wo wir die verzamelen<\/h2>\n<h3>Reaktionen<\/h3>\n<p>Wenn die Nutzer auf der Website reagieren, werden die im Reaktionsformular angegebenen Daten, die IP-Adresse des Nutzers und der User-Agent des Browsers zur Erkennung von Spam verwendet.<\/p>\n<p>Ein geanonimiseerde string, gemaakt op basis van je e-mailadres (dit wordt ook een hash genoemd) kan worden gestuurd naar de Gravatar service indien je dit gebruikt. De privacybeleidspagina kun je hier vinden: https:\/\/automattic.com\/privacy\/. Wenn Ihre Reaktion nicht erfolgreich ist, ist Ihr Profilfoto im Zusammenhang mit Ihrer Reaktion \u00f6ffentlich zug\u00e4nglich.<\/p>\n<h3>Medien<\/h3>\n<p>Wenn Sie ein registrierter Benutzer sind und Bilder auf die Website hochladen, sollten Sie darauf achten, dass die Bilder mit EXIF-GPS-Standortdaten hochgeladen werden. Die Nutzer der Website k\u00f6nnen die Daten der Website herunterladen und die Standortdaten eingeben.<\/p>\n<h3>Kontaktformulierung<\/h3>\n<h3>Cookies<\/h3>\n<p>Wenn Sie auf unserer Website eine Reaktion zeigen, k\u00f6nnen Sie Ihren Namen, Ihre E-Mail-Adresse und Ihre Website in einem Cookie speichern. Das tun wir f\u00fcr Ihre Nachricht, wenn Sie diese Informationen nicht f\u00fcr eine neue Reaktion ben\u00f6tigen. Diese Cookies sind ein Jahr lang geldwert.<\/p>\n<p>Wenn Sie ein Konto haben und sich auf dieser Website anmelden, setzen wir ein kleines Cookie ein, damit Sie die Cookies Ihres Browsers akzeptieren k\u00f6nnen. Dieses Cookie enth\u00e4lt keine personenbezogenen Daten und wird verwaltet, wenn Sie Ihren Browser ausschalten.<\/p>\n<p>Wenn Sie sich anmelden, werden wir weitere Cookies in Verbindung mit Ihren Anmeldeinformationen und Schema-Optionen verwenden. Login-Cookies sind 2 Tage lang g\u00fcltig und Cookies f\u00fcr die Schermweergabe sind 1 Jahr lang g\u00fcltig. Wenn Sie &#8222;Herinner mij&#8220; ausw\u00e4hlen, wird Ihr Login 2 Wochen lang aufbewahrt. Wenn Sie sich in Ihr Konto einloggen, werden Login-Cookies verwaltet.<\/p>\n<p>Wenn Sie einen Bericht verfassen oder ver\u00f6ffentlichen, wird ein neues Cookie in Ihrem Browser gesetzt. Dieses Cookie enth\u00e4lt keine personenbezogenen Daten und enth\u00e4lt auch nicht die Post-ID des Artikels, den Sie auf dieser Seite angezeigt bekommen m\u00f6chten. Dieser Cookie ist ab einem bestimmten Tag nicht mehr verf\u00fcgbar.<\/p>\n<h3>Ingesloten inhoud van andere Websites<\/h3>\n<p>Berichte auf dieser Website k\u00f6nnen eingebettet werden (z.B. Videos, Nachrichten, Berichte usw.). Die Aufnahme von anderen Websites wird genau dann geduldet, wenn der Nutzer diese andere Website bezocht hat.<\/p>\n<p>Diese Websites k\u00f6nnen Daten \u00fcber Sie verzamelen, Cookies gebruiken, tracking van derde partijen insluiten en je interactie met deze ingesloten inhoud monitoren, inclusief de interactie met ingesloten inhoud als je een account hebt en ingelogd bent op die website.<\/p>\n<h3>Analytik<\/h3>\n<h2>Und wie wir Ihre Daten weitergeben<\/h2>\n<h2>Wie lange wir Ihre Daten bewahren<\/h2>\n<p>Wenn man eine Reaktion ausl\u00f6st, werden die Reaktion und die Metadaten der Reaktion f\u00fcr immer bewahrt. Op deze manier kunnen we vervolgreacties automatisch herkennen en goedkeuren in plaats van dat we ze moeten modereren.<\/p>\n<p>F\u00fcr Benutzer, die auf unserer Website registriert sind (au\u00dfer bei der Anmeldung), bewaren wir auch pers\u00f6nliche Informationen in ihrem Benutzerprofil. Alle Benutzer k\u00f6nnen ihre pers\u00f6nlichen Daten zu einem sp\u00e4teren Zeitpunkt bekijken, wijzigen oder verwijderen (die Benutzerdaten k\u00f6nnen nicht gewijzigd werden). Website-Betreiber k\u00f6nnen diese Informationen auch bekijken und abrufen.<\/p>\n<h2>Welche Rechte Sie an Ihren Daten haben<\/h2>\n<p>Wenn Sie ein Konto auf dieser Website haben oder wenn Sie Reaktionen auf die Website erhalten haben, k\u00f6nnen Sie einen Exportbestand der von Ihnen eingegebenen pers\u00f6nlichen Daten, einschlie\u00dflich aller Daten, die Sie bei uns eingegeben haben, erstellen. Sie k\u00f6nnen auch verzoeken, dass wir alle personenbezogenen Daten, die wir von Ihnen erhalten haben, verwirken. Dit bevat geen gegevens die we verplicht moeten bewaren in verband met administratieve, wettelijke of beveiligings doeleinden.<\/p>\n<h2>Wo wir unsere Daten aufbewahren<\/h2>\n<p>Die Reaktionen der Kunden k\u00f6nnen durch einen automatisierten Spamerkennungsdienst geleidet werden.<\/p>\n<h2>Ihre Kontaktinformationen<\/h2>\n<h2>Ausf\u00fchrliche Informationen<\/h2>\n<h3>Wie wir Ihre Daten beveiligen<\/h3>\n<h3>Welche Datenprozeduren haben wir ge\u00efmplementeerd<\/h3>\n<h3>Von welchen Parteien wir Daten erhalten<\/h3>\n<h3>Wat voor geautomatiseerde besluiten we nemen en profilering we doen met gebruikersgegevens<\/h3>\n<h3>Openbaarmakingsverplichtingen van de industrie<\/h3>\n","protected":false},"excerpt":{"rendered":"<p>Wie sind wir Die Adresse der Website lautet: http:\/\/www.bandhu.eu. Welche pers\u00f6nlichen Gegevens wir verzamelen und wo wir die verzamelen Reaktionen Wenn die Nutzer auf der Website reagieren, werden die im Reaktionsformular angegebenen Daten, die IP-Adresse des Nutzers und der User-Agent des Browsers zur Erkennung von Spam verwendet. Ein geanonimiseerde string, gemaakt op basis van je [&hellip;]<\/p>\n","protected":false},"author":1,"featured_media":0,"parent":0,"menu_order":0,"comment_status":"closed","ping_status":"open","template":"","meta":{"_acf_changed":false,"footnotes":""},"class_list":["post-1712499","page","type-page","status-publish","hentry"],"acf":[],"yoast_head":"<!-- This site is optimized with the Yoast SEO plugin v26.8 - https:\/\/yoast.com\/product\/yoast-seo-wordpress\/ -->\n<title>Datenschutz - Bandhu<\/title>\n<meta name=\"robots\" content=\"index, follow, max-snippet:-1, max-image-preview:large, max-video-preview:-1\" \/>\n<link rel=\"canonical\" href=\"https:\/\/www.bandhu.eu\/de\/datenschutz\/\" \/>\n<meta property=\"og:locale\" content=\"de_DE\" \/>\n<meta property=\"og:type\" content=\"article\" \/>\n<meta property=\"og:title\" content=\"Datenschutz - Bandhu\" \/>\n<meta property=\"og:description\" content=\"Wie sind wir Die Adresse der Website lautet: http:\/\/www.bandhu.eu. Welche pers\u00f6nlichen Gegevens wir verzamelen und wo wir die verzamelen Reaktionen Wenn die Nutzer auf der Website reagieren, werden die im Reaktionsformular angegebenen Daten, die IP-Adresse des Nutzers und der User-Agent des Browsers zur Erkennung von Spam verwendet. Ein geanonimiseerde string, gemaakt op basis van je [&hellip;]\" \/>\n<meta property=\"og:url\" content=\"https:\/\/www.bandhu.eu\/de\/datenschutz\/\" \/>\n<meta property=\"og:site_name\" content=\"Bandhu\" \/>\n<meta property=\"article:publisher\" content=\"https:\/\/www.facebook.com\/Bandhu-173241752741764\" \/>\n<meta property=\"og:image\" content=\"https:\/\/www.bandhu.eu\/wp-content\/uploads\/2025\/03\/bandhu-image.jpg\" \/>\n\t<meta property=\"og:image:width\" content=\"1200\" \/>\n\t<meta property=\"og:image:height\" content=\"675\" \/>\n\t<meta property=\"og:image:type\" content=\"image\/jpeg\" \/>\n<meta name=\"twitter:card\" content=\"summary_large_image\" \/>\n<meta name=\"twitter:site\" content=\"@bandhu_eu\" \/>\n<meta name=\"twitter:label1\" content=\"Gesch\u00e4tzte Lesezeit\" \/>\n\t<meta name=\"twitter:data1\" content=\"3 Minuten\" \/>\n<script type=\"application\/ld+json\" class=\"yoast-schema-graph\">{\"@context\":\"https:\/\/schema.org\",\"@graph\":[{\"@type\":\"WebPage\",\"@id\":\"https:\/\/www.bandhu.eu\/de\/datenschutz\/\",\"url\":\"https:\/\/www.bandhu.eu\/de\/datenschutz\/\",\"name\":\"Datenschutz - Bandhu\",\"isPartOf\":{\"@id\":\"https:\/\/www.bandhu.eu\/de\/#website\"},\"datePublished\":\"2018-10-29T11:40:06+00:00\",\"breadcrumb\":{\"@id\":\"https:\/\/www.bandhu.eu\/de\/datenschutz\/#breadcrumb\"},\"inLanguage\":\"de-DE\",\"potentialAction\":[{\"@type\":\"ReadAction\",\"target\":[\"https:\/\/www.bandhu.eu\/de\/datenschutz\/\"]}]},{\"@type\":\"BreadcrumbList\",\"@id\":\"https:\/\/www.bandhu.eu\/de\/datenschutz\/#breadcrumb\",\"itemListElement\":[{\"@type\":\"ListItem\",\"position\":1,\"name\":\"Home\",\"item\":\"https:\/\/www.bandhu.eu\/de\/\"},{\"@type\":\"ListItem\",\"position\":2,\"name\":\"Datenschutz\"}]},{\"@type\":\"WebSite\",\"@id\":\"https:\/\/www.bandhu.eu\/de\/#website\",\"url\":\"https:\/\/www.bandhu.eu\/de\/\",\"name\":\"Bandhu\",\"description\":\"Jewelry and accessories\",\"publisher\":{\"@id\":\"https:\/\/www.bandhu.eu\/de\/#organization\"},\"potentialAction\":[{\"@type\":\"SearchAction\",\"target\":{\"@type\":\"EntryPoint\",\"urlTemplate\":\"https:\/\/www.bandhu.eu\/de\/?s={search_term_string}\"},\"query-input\":{\"@type\":\"PropertyValueSpecification\",\"valueRequired\":true,\"valueName\":\"search_term_string\"}}],\"inLanguage\":\"de-DE\"},{\"@type\":\"Organization\",\"@id\":\"https:\/\/www.bandhu.eu\/de\/#organization\",\"name\":\"Bandhu.eu\",\"alternateName\":\"BANDHU\",\"url\":\"https:\/\/www.bandhu.eu\/de\/\",\"logo\":{\"@type\":\"ImageObject\",\"inLanguage\":\"de-DE\",\"@id\":\"https:\/\/www.bandhu.eu\/de\/#\/schema\/logo\/image\/\",\"url\":\"https:\/\/www.bandhu.eu\/wp-content\/uploads\/2025\/03\/org-logo.jpg\",\"contentUrl\":\"https:\/\/www.bandhu.eu\/wp-content\/uploads\/2025\/03\/org-logo.jpg\",\"width\":696,\"height\":696,\"caption\":\"Bandhu.eu\"},\"image\":{\"@id\":\"https:\/\/www.bandhu.eu\/de\/#\/schema\/logo\/image\/\"},\"sameAs\":[\"https:\/\/www.facebook.com\/Bandhu-173241752741764\",\"https:\/\/x.com\/bandhu_eu\",\"https:\/\/www.instagram.com\/bandhu_eu\/\"]}]}<\/script>\n<!-- \/ Yoast SEO plugin. -->","yoast_head_json":{"title":"Datenschutz - Bandhu","robots":{"index":"index","follow":"follow","max-snippet":"max-snippet:-1","max-image-preview":"max-image-preview:large","max-video-preview":"max-video-preview:-1"},"canonical":"https:\/\/www.bandhu.eu\/de\/datenschutz\/","og_locale":"de_DE","og_type":"article","og_title":"Datenschutz - Bandhu","og_description":"Wie sind wir Die Adresse der Website lautet: http:\/\/www.bandhu.eu. Welche pers\u00f6nlichen Gegevens wir verzamelen und wo wir die verzamelen Reaktionen Wenn die Nutzer auf der Website reagieren, werden die im Reaktionsformular angegebenen Daten, die IP-Adresse des Nutzers und der User-Agent des Browsers zur Erkennung von Spam verwendet. Ein geanonimiseerde string, gemaakt op basis van je [&hellip;]","og_url":"https:\/\/www.bandhu.eu\/de\/datenschutz\/","og_site_name":"Bandhu","article_publisher":"https:\/\/www.facebook.com\/Bandhu-173241752741764","og_image":[{"width":1200,"height":675,"url":"https:\/\/www.bandhu.eu\/wp-content\/uploads\/2025\/03\/bandhu-image.jpg","type":"image\/jpeg"}],"twitter_card":"summary_large_image","twitter_site":"@bandhu_eu","twitter_misc":{"Gesch\u00e4tzte Lesezeit":"3 Minuten"},"schema":{"@context":"https:\/\/schema.org","@graph":[{"@type":"WebPage","@id":"https:\/\/www.bandhu.eu\/de\/datenschutz\/","url":"https:\/\/www.bandhu.eu\/de\/datenschutz\/","name":"Datenschutz - Bandhu","isPartOf":{"@id":"https:\/\/www.bandhu.eu\/de\/#website"},"datePublished":"2018-10-29T11:40:06+00:00","breadcrumb":{"@id":"https:\/\/www.bandhu.eu\/de\/datenschutz\/#breadcrumb"},"inLanguage":"de-DE","potentialAction":[{"@type":"ReadAction","target":["https:\/\/www.bandhu.eu\/de\/datenschutz\/"]}]},{"@type":"BreadcrumbList","@id":"https:\/\/www.bandhu.eu\/de\/datenschutz\/#breadcrumb","itemListElement":[{"@type":"ListItem","position":1,"name":"Home","item":"https:\/\/www.bandhu.eu\/de\/"},{"@type":"ListItem","position":2,"name":"Datenschutz"}]},{"@type":"WebSite","@id":"https:\/\/www.bandhu.eu\/de\/#website","url":"https:\/\/www.bandhu.eu\/de\/","name":"Bandhu","description":"Jewelry and accessories","publisher":{"@id":"https:\/\/www.bandhu.eu\/de\/#organization"},"potentialAction":[{"@type":"SearchAction","target":{"@type":"EntryPoint","urlTemplate":"https:\/\/www.bandhu.eu\/de\/?s={search_term_string}"},"query-input":{"@type":"PropertyValueSpecification","valueRequired":true,"valueName":"search_term_string"}}],"inLanguage":"de-DE"},{"@type":"Organization","@id":"https:\/\/www.bandhu.eu\/de\/#organization","name":"Bandhu.eu","alternateName":"BANDHU","url":"https:\/\/www.bandhu.eu\/de\/","logo":{"@type":"ImageObject","inLanguage":"de-DE","@id":"https:\/\/www.bandhu.eu\/de\/#\/schema\/logo\/image\/","url":"https:\/\/www.bandhu.eu\/wp-content\/uploads\/2025\/03\/org-logo.jpg","contentUrl":"https:\/\/www.bandhu.eu\/wp-content\/uploads\/2025\/03\/org-logo.jpg","width":696,"height":696,"caption":"Bandhu.eu"},"image":{"@id":"https:\/\/www.bandhu.eu\/de\/#\/schema\/logo\/image\/"},"sameAs":["https:\/\/www.facebook.com\/Bandhu-173241752741764","https:\/\/x.com\/bandhu_eu","https:\/\/www.instagram.com\/bandhu_eu\/"]}]}},"_links":{"self":[{"href":"https:\/\/www.bandhu.eu\/de\/wp-json\/wp\/v2\/pages\/1712499","targetHints":{"allow":["GET"]}}],"collection":[{"href":"https:\/\/www.bandhu.eu\/de\/wp-json\/wp\/v2\/pages"}],"about":[{"href":"https:\/\/www.bandhu.eu\/de\/wp-json\/wp\/v2\/types\/page"}],"author":[{"embeddable":true,"href":"https:\/\/www.bandhu.eu\/de\/wp-json\/wp\/v2\/users\/1"}],"replies":[{"embeddable":true,"href":"https:\/\/www.bandhu.eu\/de\/wp-json\/wp\/v2\/comments?post=1712499"}],"version-history":[{"count":0,"href":"https:\/\/www.bandhu.eu\/de\/wp-json\/wp\/v2\/pages\/1712499\/revisions"}],"wp:attachment":[{"href":"https:\/\/www.bandhu.eu\/de\/wp-json\/wp\/v2\/media?parent=1712499"}],"curies":[{"name":"wp","href":"https:\/\/api.w.org\/{rel}","templated":true}]}}